{"id":810,"date":"2024-05-22T06:30:45","date_gmt":"2024-05-22T05:30:45","guid":{"rendered":"https:\/\/euroone-latest.local\/solutions\/network-and-information-security\/szabalyozas-megfeleles\/"},"modified":"2025-08-25T10:28:57","modified_gmt":"2025-08-25T09:28:57","slug":"regulation-and-compliance","status":"publish","type":"page","link":"https:\/\/euroone.hu\/en\/solutions\/information-and-network-security\/regulation-and-compliance\/","title":{"rendered":"Regulation and compliance"},"content":{"rendered":"\n<p>Our Governance Risk Compliance (GRC) team supports our customers\u2019 cybersecurity efforts through general IT\/OT information security consulting, as well as the implementation and continuous maintenance of GRC platforms. This lets them comply with different applicable regulations and standards, develop regulated processes, and eliminate deficiencies identified during the performance of information security assessments.<\/p>\n","protected":false},"excerpt":{"rendered":"<p>Our Governance Risk Compliance (GRC) team supports our customers\u2019 cybersecurity efforts through general IT\/OT information security consulting, as well as the implementation and continuous maintenance of GRC platforms. This lets them comply with different applicable regulations and standards, develop regulated processes, and eliminate deficiencies identified during the performance of information security assessments.<\/p>\n","protected":false},"author":1,"featured_media":697,"parent":797,"menu_order":0,"comment_status":"closed","ping_status":"closed","template":"template-parts\/page-solution-single.php","meta":{"_acf_changed":false,"footnotes":""},"class_list":["post-810","page","type-page","status-publish","has-post-thumbnail","hentry"],"acf":[],"yoast_head":"<!-- This site is optimized with the Yoast SEO plugin v26.8 - https:\/\/yoast.com\/product\/yoast-seo-wordpress\/ -->\n<title>Regulation and compliance - EURO ONE<\/title>\n<meta name=\"description\" content=\"Our experts support our clients&#039; compliance with regulations through the implementation and ongoing maintenance of GRC platforms.\" \/>\n<meta name=\"robots\" content=\"index, follow, max-snippet:-1, max-image-preview:large, max-video-preview:-1\" \/>\n<link rel=\"canonical\" href=\"https:\/\/euroone.hu\/en\/solutions\/information-and-network-security\/regulation-and-compliance\/\" \/>\n<meta property=\"og:locale\" content=\"en_US\" \/>\n<meta property=\"og:type\" content=\"article\" \/>\n<meta property=\"og:title\" content=\"Regulation and compliance - EURO ONE\" \/>\n<meta property=\"og:description\" content=\"Our experts support our clients&#039; compliance with regulations through the implementation and ongoing maintenance of GRC platforms.\" \/>\n<meta property=\"og:url\" content=\"https:\/\/euroone.hu\/en\/solutions\/information-and-network-security\/regulation-and-compliance\/\" \/>\n<meta property=\"og:site_name\" content=\"EURO ONE Sz\u00e1m\u00edt\u00e1stechnikai Zrt.\" \/>\n<meta property=\"article:publisher\" content=\"https:\/\/www.facebook.com\/euroone\" \/>\n<meta property=\"article:modified_time\" content=\"2025-08-25T09:28:57+00:00\" \/>\n<meta name=\"twitter:card\" content=\"summary_large_image\" \/>\n<meta name=\"twitter:label1\" content=\"Est. reading time\" \/>\n\t<meta name=\"twitter:data1\" content=\"1 minute\" \/>\n<script type=\"application\/ld+json\" class=\"yoast-schema-graph\">{\"@context\":\"https:\/\/schema.org\",\"@graph\":[{\"@type\":\"WebPage\",\"@id\":\"https:\/\/euroone.hu\/en\/solutions\/information-and-network-security\/regulation-and-compliance\/\",\"url\":\"https:\/\/euroone.hu\/en\/solutions\/information-and-network-security\/regulation-and-compliance\/\",\"name\":\"Regulation and compliance - EURO ONE\",\"isPartOf\":{\"@id\":\"https:\/\/euroone.hu\/#website\"},\"primaryImageOfPage\":{\"@id\":\"https:\/\/euroone.hu\/en\/solutions\/information-and-network-security\/regulation-and-compliance\/#primaryimage\"},\"image\":{\"@id\":\"https:\/\/euroone.hu\/en\/solutions\/information-and-network-security\/regulation-and-compliance\/#primaryimage\"},\"thumbnailUrl\":\"https:\/\/euroone.hu\/wp-content\/uploads\/2024\/07\/Szabalyozas-megfeleles.svg\",\"datePublished\":\"2024-05-22T05:30:45+00:00\",\"dateModified\":\"2025-08-25T09:28:57+00:00\",\"description\":\"Our experts support our clients' compliance with regulations through the implementation and ongoing maintenance of GRC platforms.\",\"breadcrumb\":{\"@id\":\"https:\/\/euroone.hu\/en\/solutions\/information-and-network-security\/regulation-and-compliance\/#breadcrumb\"},\"inLanguage\":\"en-US\",\"potentialAction\":[{\"@type\":\"ReadAction\",\"target\":[\"https:\/\/euroone.hu\/en\/solutions\/information-and-network-security\/regulation-and-compliance\/\"]}]},{\"@type\":\"ImageObject\",\"inLanguage\":\"en-US\",\"@id\":\"https:\/\/euroone.hu\/en\/solutions\/information-and-network-security\/regulation-and-compliance\/#primaryimage\",\"url\":\"https:\/\/euroone.hu\/wp-content\/uploads\/2024\/07\/Szabalyozas-megfeleles.svg\",\"contentUrl\":\"https:\/\/euroone.hu\/wp-content\/uploads\/2024\/07\/Szabalyozas-megfeleles.svg\"},{\"@type\":\"BreadcrumbList\",\"@id\":\"https:\/\/euroone.hu\/en\/solutions\/information-and-network-security\/regulation-and-compliance\/#breadcrumb\",\"itemListElement\":[{\"@type\":\"ListItem\",\"position\":1,\"name\":\"Kezd\u0151lap\",\"item\":\"https:\/\/euroone.hu\/en\/\"},{\"@type\":\"ListItem\",\"position\":2,\"name\":\"Solutions\",\"item\":\"https:\/\/euroone.hu\/en\/solutions\/\"},{\"@type\":\"ListItem\",\"position\":3,\"name\":\"Information and network security\",\"item\":\"https:\/\/euroone.hu\/en\/solutions\/information-and-network-security\/\"},{\"@type\":\"ListItem\",\"position\":4,\"name\":\"Regulation and compliance\"}]},{\"@type\":\"WebSite\",\"@id\":\"https:\/\/euroone.hu\/#website\",\"url\":\"https:\/\/euroone.hu\/\",\"name\":\"Euroone\",\"description\":\"\",\"publisher\":{\"@id\":\"https:\/\/euroone.hu\/#organization\"},\"potentialAction\":[{\"@type\":\"SearchAction\",\"target\":{\"@type\":\"EntryPoint\",\"urlTemplate\":\"https:\/\/euroone.hu\/?s={search_term_string}\"},\"query-input\":{\"@type\":\"PropertyValueSpecification\",\"valueRequired\":true,\"valueName\":\"search_term_string\"}}],\"inLanguage\":\"en-US\"},{\"@type\":\"Organization\",\"@id\":\"https:\/\/euroone.hu\/#organization\",\"name\":\"Euroone\",\"url\":\"https:\/\/euroone.hu\/\",\"logo\":{\"@type\":\"ImageObject\",\"inLanguage\":\"en-US\",\"@id\":\"https:\/\/euroone.hu\/#\/schema\/logo\/image\/\",\"url\":\"https:\/\/euroone.hu\/wp-content\/uploads\/2024\/09\/EURO-ONE-szines-logo.png\",\"contentUrl\":\"https:\/\/euroone.hu\/wp-content\/uploads\/2024\/09\/EURO-ONE-szines-logo.png\",\"width\":741,\"height\":768,\"caption\":\"Euroone\"},\"image\":{\"@id\":\"https:\/\/euroone.hu\/#\/schema\/logo\/image\/\"},\"sameAs\":[\"https:\/\/www.facebook.com\/euroone\",\"https:\/\/www.linkedin.com\/company\/euro-one\/\",\"https:\/\/www.youtube.com\/@euroonezrt\"]}]}<\/script>\n<!-- \/ Yoast SEO plugin. -->","yoast_head_json":{"title":"Regulation and compliance - EURO ONE","description":"Our experts support our clients' compliance with regulations through the implementation and ongoing maintenance of GRC platforms.","robots":{"index":"index","follow":"follow","max-snippet":"max-snippet:-1","max-image-preview":"max-image-preview:large","max-video-preview":"max-video-preview:-1"},"canonical":"https:\/\/euroone.hu\/en\/solutions\/information-and-network-security\/regulation-and-compliance\/","og_locale":"en_US","og_type":"article","og_title":"Regulation and compliance - EURO ONE","og_description":"Our experts support our clients' compliance with regulations through the implementation and ongoing maintenance of GRC platforms.","og_url":"https:\/\/euroone.hu\/en\/solutions\/information-and-network-security\/regulation-and-compliance\/","og_site_name":"EURO ONE Sz\u00e1m\u00edt\u00e1stechnikai Zrt.","article_publisher":"https:\/\/www.facebook.com\/euroone","article_modified_time":"2025-08-25T09:28:57+00:00","twitter_card":"summary_large_image","twitter_misc":{"Est. reading time":"1 minute"},"schema":{"@context":"https:\/\/schema.org","@graph":[{"@type":"WebPage","@id":"https:\/\/euroone.hu\/en\/solutions\/information-and-network-security\/regulation-and-compliance\/","url":"https:\/\/euroone.hu\/en\/solutions\/information-and-network-security\/regulation-and-compliance\/","name":"Regulation and compliance - EURO ONE","isPartOf":{"@id":"https:\/\/euroone.hu\/#website"},"primaryImageOfPage":{"@id":"https:\/\/euroone.hu\/en\/solutions\/information-and-network-security\/regulation-and-compliance\/#primaryimage"},"image":{"@id":"https:\/\/euroone.hu\/en\/solutions\/information-and-network-security\/regulation-and-compliance\/#primaryimage"},"thumbnailUrl":"https:\/\/euroone.hu\/wp-content\/uploads\/2024\/07\/Szabalyozas-megfeleles.svg","datePublished":"2024-05-22T05:30:45+00:00","dateModified":"2025-08-25T09:28:57+00:00","description":"Our experts support our clients' compliance with regulations through the implementation and ongoing maintenance of GRC platforms.","breadcrumb":{"@id":"https:\/\/euroone.hu\/en\/solutions\/information-and-network-security\/regulation-and-compliance\/#breadcrumb"},"inLanguage":"en-US","potentialAction":[{"@type":"ReadAction","target":["https:\/\/euroone.hu\/en\/solutions\/information-and-network-security\/regulation-and-compliance\/"]}]},{"@type":"ImageObject","inLanguage":"en-US","@id":"https:\/\/euroone.hu\/en\/solutions\/information-and-network-security\/regulation-and-compliance\/#primaryimage","url":"https:\/\/euroone.hu\/wp-content\/uploads\/2024\/07\/Szabalyozas-megfeleles.svg","contentUrl":"https:\/\/euroone.hu\/wp-content\/uploads\/2024\/07\/Szabalyozas-megfeleles.svg"},{"@type":"BreadcrumbList","@id":"https:\/\/euroone.hu\/en\/solutions\/information-and-network-security\/regulation-and-compliance\/#breadcrumb","itemListElement":[{"@type":"ListItem","position":1,"name":"Kezd\u0151lap","item":"https:\/\/euroone.hu\/en\/"},{"@type":"ListItem","position":2,"name":"Solutions","item":"https:\/\/euroone.hu\/en\/solutions\/"},{"@type":"ListItem","position":3,"name":"Information and network security","item":"https:\/\/euroone.hu\/en\/solutions\/information-and-network-security\/"},{"@type":"ListItem","position":4,"name":"Regulation and compliance"}]},{"@type":"WebSite","@id":"https:\/\/euroone.hu\/#website","url":"https:\/\/euroone.hu\/","name":"Euroone","description":"","publisher":{"@id":"https:\/\/euroone.hu\/#organization"},"potentialAction":[{"@type":"SearchAction","target":{"@type":"EntryPoint","urlTemplate":"https:\/\/euroone.hu\/?s={search_term_string}"},"query-input":{"@type":"PropertyValueSpecification","valueRequired":true,"valueName":"search_term_string"}}],"inLanguage":"en-US"},{"@type":"Organization","@id":"https:\/\/euroone.hu\/#organization","name":"Euroone","url":"https:\/\/euroone.hu\/","logo":{"@type":"ImageObject","inLanguage":"en-US","@id":"https:\/\/euroone.hu\/#\/schema\/logo\/image\/","url":"https:\/\/euroone.hu\/wp-content\/uploads\/2024\/09\/EURO-ONE-szines-logo.png","contentUrl":"https:\/\/euroone.hu\/wp-content\/uploads\/2024\/09\/EURO-ONE-szines-logo.png","width":741,"height":768,"caption":"Euroone"},"image":{"@id":"https:\/\/euroone.hu\/#\/schema\/logo\/image\/"},"sameAs":["https:\/\/www.facebook.com\/euroone","https:\/\/www.linkedin.com\/company\/euro-one\/","https:\/\/www.youtube.com\/@euroonezrt"]}]}},"_links":{"self":[{"href":"https:\/\/euroone.hu\/en\/wp-json\/wp\/v2\/pages\/810","targetHints":{"allow":["GET"]}}],"collection":[{"href":"https:\/\/euroone.hu\/en\/wp-json\/wp\/v2\/pages"}],"about":[{"href":"https:\/\/euroone.hu\/en\/wp-json\/wp\/v2\/types\/page"}],"author":[{"embeddable":true,"href":"https:\/\/euroone.hu\/en\/wp-json\/wp\/v2\/users\/1"}],"replies":[{"embeddable":true,"href":"https:\/\/euroone.hu\/en\/wp-json\/wp\/v2\/comments?post=810"}],"version-history":[{"count":5,"href":"https:\/\/euroone.hu\/en\/wp-json\/wp\/v2\/pages\/810\/revisions"}],"predecessor-version":[{"id":3494,"href":"https:\/\/euroone.hu\/en\/wp-json\/wp\/v2\/pages\/810\/revisions\/3494"}],"up":[{"embeddable":true,"href":"https:\/\/euroone.hu\/en\/wp-json\/wp\/v2\/pages\/797"}],"wp:featuredmedia":[{"embeddable":true,"href":"https:\/\/euroone.hu\/en\/wp-json\/wp\/v2\/media\/697"}],"wp:attachment":[{"href":"https:\/\/euroone.hu\/en\/wp-json\/wp\/v2\/media?parent=810"}],"curies":[{"name":"wp","href":"https:\/\/api.w.org\/{rel}","templated":true}]}}