{"id":808,"date":"2024-05-22T06:43:43","date_gmt":"2024-05-22T06:43:43","guid":{"rendered":"https:\/\/euroone-latest.local\/solutions\/network-and-information-security\/kiberfizikai-rendszerek-biztonsaga\/"},"modified":"2024-10-01T14:45:24","modified_gmt":"2024-10-01T14:45:24","slug":"cyberphysical-system-security","status":"publish","type":"page","link":"https:\/\/euroone.hu\/en\/solutions\/information-and-network-security\/cyberphysical-system-security\/","title":{"rendered":"Cyberphysical system security"},"content":{"rendered":"\n<p>Our SOC organization is also prepared for processing and analyzing OT threats and attacks. In such cases, the incidents found in OT devices are processed in cooperation with the operators of the production area. Our analysts support and coordinate the IT and control technology experts who are inexperienced in this area.<\/p>\n\n\n\n<p>Considering the needs of the given organization, we can also ensure the operation of the implemented systems in addition to level 2 and 3 support. <strong>We support our customers in developing appropriate procedures for investigating suspicious incidents and active preparation.<\/strong><\/p>\n","protected":false},"excerpt":{"rendered":"<p>Our SOC organization is also prepared for processing and analyzing OT threats and attacks. In such cases, the incidents found in OT devices are processed in cooperation with the operators of the production area. Our analysts support and coordinate the IT and control technology experts who are inexperienced in this area. Considering the needs of [&hellip;]<\/p>\n","protected":false},"author":1,"featured_media":691,"parent":797,"menu_order":0,"comment_status":"closed","ping_status":"closed","template":"template-parts\/page-solution-single.php","meta":{"_acf_changed":false,"footnotes":""},"class_list":["post-808","page","type-page","status-publish","has-post-thumbnail","hentry"],"acf":[],"yoast_head":"<!-- This site is optimized with the Yoast SEO plugin v26.8 - https:\/\/yoast.com\/product\/yoast-seo-wordpress\/ -->\n<title>Cyberphysical system security - EURO ONE<\/title>\n<meta name=\"description\" content=\"We offer solutions for the processing and analysis of industrial threats and attacks on cyber-physical\/OT systems.\" \/>\n<meta name=\"robots\" content=\"index, follow, max-snippet:-1, max-image-preview:large, max-video-preview:-1\" \/>\n<link rel=\"canonical\" href=\"https:\/\/euroone.hu\/en\/solutions\/information-and-network-security\/cyberphysical-system-security\/\" \/>\n<meta property=\"og:locale\" content=\"en_US\" \/>\n<meta property=\"og:type\" content=\"article\" \/>\n<meta property=\"og:title\" content=\"Cyberphysical system security - EURO ONE\" \/>\n<meta property=\"og:description\" content=\"We offer solutions for the processing and analysis of industrial threats and attacks on cyber-physical\/OT systems.\" \/>\n<meta property=\"og:url\" content=\"https:\/\/euroone.hu\/en\/solutions\/information-and-network-security\/cyberphysical-system-security\/\" \/>\n<meta property=\"og:site_name\" content=\"EURO ONE Sz\u00e1m\u00edt\u00e1stechnikai Zrt.\" \/>\n<meta property=\"article:publisher\" content=\"https:\/\/www.facebook.com\/euroone\" \/>\n<meta property=\"article:modified_time\" content=\"2024-10-01T14:45:24+00:00\" \/>\n<meta name=\"twitter:card\" content=\"summary_large_image\" \/>\n<meta name=\"twitter:label1\" content=\"Est. reading time\" \/>\n\t<meta name=\"twitter:data1\" content=\"1 minute\" \/>\n<script type=\"application\/ld+json\" class=\"yoast-schema-graph\">{\"@context\":\"https:\/\/schema.org\",\"@graph\":[{\"@type\":\"WebPage\",\"@id\":\"https:\/\/euroone.hu\/en\/solutions\/information-and-network-security\/cyberphysical-system-security\/\",\"url\":\"https:\/\/euroone.hu\/en\/solutions\/information-and-network-security\/cyberphysical-system-security\/\",\"name\":\"Cyberphysical system security - EURO ONE\",\"isPartOf\":{\"@id\":\"https:\/\/euroone.hu\/#website\"},\"primaryImageOfPage\":{\"@id\":\"https:\/\/euroone.hu\/en\/solutions\/information-and-network-security\/cyberphysical-system-security\/#primaryimage\"},\"image\":{\"@id\":\"https:\/\/euroone.hu\/en\/solutions\/information-and-network-security\/cyberphysical-system-security\/#primaryimage\"},\"thumbnailUrl\":\"https:\/\/euroone.hu\/wp-content\/uploads\/2024\/07\/Kiberfizikai-rendszerek-biztonsaga.svg\",\"datePublished\":\"2024-05-22T06:43:43+00:00\",\"dateModified\":\"2024-10-01T14:45:24+00:00\",\"description\":\"We offer solutions for the processing and analysis of industrial threats and attacks on cyber-physical\/OT systems.\",\"breadcrumb\":{\"@id\":\"https:\/\/euroone.hu\/en\/solutions\/information-and-network-security\/cyberphysical-system-security\/#breadcrumb\"},\"inLanguage\":\"en-US\",\"potentialAction\":[{\"@type\":\"ReadAction\",\"target\":[\"https:\/\/euroone.hu\/en\/solutions\/information-and-network-security\/cyberphysical-system-security\/\"]}]},{\"@type\":\"ImageObject\",\"inLanguage\":\"en-US\",\"@id\":\"https:\/\/euroone.hu\/en\/solutions\/information-and-network-security\/cyberphysical-system-security\/#primaryimage\",\"url\":\"https:\/\/euroone.hu\/wp-content\/uploads\/2024\/07\/Kiberfizikai-rendszerek-biztonsaga.svg\",\"contentUrl\":\"https:\/\/euroone.hu\/wp-content\/uploads\/2024\/07\/Kiberfizikai-rendszerek-biztonsaga.svg\"},{\"@type\":\"BreadcrumbList\",\"@id\":\"https:\/\/euroone.hu\/en\/solutions\/information-and-network-security\/cyberphysical-system-security\/#breadcrumb\",\"itemListElement\":[{\"@type\":\"ListItem\",\"position\":1,\"name\":\"Kezd\u0151lap\",\"item\":\"https:\/\/euroone.hu\/en\/\"},{\"@type\":\"ListItem\",\"position\":2,\"name\":\"Solutions\",\"item\":\"https:\/\/euroone.hu\/en\/solutions\/\"},{\"@type\":\"ListItem\",\"position\":3,\"name\":\"Information and network security\",\"item\":\"https:\/\/euroone.hu\/en\/solutions\/information-and-network-security\/\"},{\"@type\":\"ListItem\",\"position\":4,\"name\":\"Cyberphysical system security\"}]},{\"@type\":\"WebSite\",\"@id\":\"https:\/\/euroone.hu\/#website\",\"url\":\"https:\/\/euroone.hu\/\",\"name\":\"Euroone\",\"description\":\"\",\"publisher\":{\"@id\":\"https:\/\/euroone.hu\/#organization\"},\"potentialAction\":[{\"@type\":\"SearchAction\",\"target\":{\"@type\":\"EntryPoint\",\"urlTemplate\":\"https:\/\/euroone.hu\/?s={search_term_string}\"},\"query-input\":{\"@type\":\"PropertyValueSpecification\",\"valueRequired\":true,\"valueName\":\"search_term_string\"}}],\"inLanguage\":\"en-US\"},{\"@type\":\"Organization\",\"@id\":\"https:\/\/euroone.hu\/#organization\",\"name\":\"Euroone\",\"url\":\"https:\/\/euroone.hu\/\",\"logo\":{\"@type\":\"ImageObject\",\"inLanguage\":\"en-US\",\"@id\":\"https:\/\/euroone.hu\/#\/schema\/logo\/image\/\",\"url\":\"https:\/\/euroone.hu\/wp-content\/uploads\/2024\/09\/EURO-ONE-szines-logo.png\",\"contentUrl\":\"https:\/\/euroone.hu\/wp-content\/uploads\/2024\/09\/EURO-ONE-szines-logo.png\",\"width\":741,\"height\":768,\"caption\":\"Euroone\"},\"image\":{\"@id\":\"https:\/\/euroone.hu\/#\/schema\/logo\/image\/\"},\"sameAs\":[\"https:\/\/www.facebook.com\/euroone\",\"https:\/\/www.linkedin.com\/company\/euro-one\/\",\"https:\/\/www.youtube.com\/@euroonezrt\"]}]}<\/script>\n<!-- \/ Yoast SEO plugin. -->","yoast_head_json":{"title":"Cyberphysical system security - EURO ONE","description":"We offer solutions for the processing and analysis of industrial threats and attacks on cyber-physical\/OT systems.","robots":{"index":"index","follow":"follow","max-snippet":"max-snippet:-1","max-image-preview":"max-image-preview:large","max-video-preview":"max-video-preview:-1"},"canonical":"https:\/\/euroone.hu\/en\/solutions\/information-and-network-security\/cyberphysical-system-security\/","og_locale":"en_US","og_type":"article","og_title":"Cyberphysical system security - EURO ONE","og_description":"We offer solutions for the processing and analysis of industrial threats and attacks on cyber-physical\/OT systems.","og_url":"https:\/\/euroone.hu\/en\/solutions\/information-and-network-security\/cyberphysical-system-security\/","og_site_name":"EURO ONE Sz\u00e1m\u00edt\u00e1stechnikai Zrt.","article_publisher":"https:\/\/www.facebook.com\/euroone","article_modified_time":"2024-10-01T14:45:24+00:00","twitter_card":"summary_large_image","twitter_misc":{"Est. reading time":"1 minute"},"schema":{"@context":"https:\/\/schema.org","@graph":[{"@type":"WebPage","@id":"https:\/\/euroone.hu\/en\/solutions\/information-and-network-security\/cyberphysical-system-security\/","url":"https:\/\/euroone.hu\/en\/solutions\/information-and-network-security\/cyberphysical-system-security\/","name":"Cyberphysical system security - EURO ONE","isPartOf":{"@id":"https:\/\/euroone.hu\/#website"},"primaryImageOfPage":{"@id":"https:\/\/euroone.hu\/en\/solutions\/information-and-network-security\/cyberphysical-system-security\/#primaryimage"},"image":{"@id":"https:\/\/euroone.hu\/en\/solutions\/information-and-network-security\/cyberphysical-system-security\/#primaryimage"},"thumbnailUrl":"https:\/\/euroone.hu\/wp-content\/uploads\/2024\/07\/Kiberfizikai-rendszerek-biztonsaga.svg","datePublished":"2024-05-22T06:43:43+00:00","dateModified":"2024-10-01T14:45:24+00:00","description":"We offer solutions for the processing and analysis of industrial threats and attacks on cyber-physical\/OT systems.","breadcrumb":{"@id":"https:\/\/euroone.hu\/en\/solutions\/information-and-network-security\/cyberphysical-system-security\/#breadcrumb"},"inLanguage":"en-US","potentialAction":[{"@type":"ReadAction","target":["https:\/\/euroone.hu\/en\/solutions\/information-and-network-security\/cyberphysical-system-security\/"]}]},{"@type":"ImageObject","inLanguage":"en-US","@id":"https:\/\/euroone.hu\/en\/solutions\/information-and-network-security\/cyberphysical-system-security\/#primaryimage","url":"https:\/\/euroone.hu\/wp-content\/uploads\/2024\/07\/Kiberfizikai-rendszerek-biztonsaga.svg","contentUrl":"https:\/\/euroone.hu\/wp-content\/uploads\/2024\/07\/Kiberfizikai-rendszerek-biztonsaga.svg"},{"@type":"BreadcrumbList","@id":"https:\/\/euroone.hu\/en\/solutions\/information-and-network-security\/cyberphysical-system-security\/#breadcrumb","itemListElement":[{"@type":"ListItem","position":1,"name":"Kezd\u0151lap","item":"https:\/\/euroone.hu\/en\/"},{"@type":"ListItem","position":2,"name":"Solutions","item":"https:\/\/euroone.hu\/en\/solutions\/"},{"@type":"ListItem","position":3,"name":"Information and network security","item":"https:\/\/euroone.hu\/en\/solutions\/information-and-network-security\/"},{"@type":"ListItem","position":4,"name":"Cyberphysical system security"}]},{"@type":"WebSite","@id":"https:\/\/euroone.hu\/#website","url":"https:\/\/euroone.hu\/","name":"Euroone","description":"","publisher":{"@id":"https:\/\/euroone.hu\/#organization"},"potentialAction":[{"@type":"SearchAction","target":{"@type":"EntryPoint","urlTemplate":"https:\/\/euroone.hu\/?s={search_term_string}"},"query-input":{"@type":"PropertyValueSpecification","valueRequired":true,"valueName":"search_term_string"}}],"inLanguage":"en-US"},{"@type":"Organization","@id":"https:\/\/euroone.hu\/#organization","name":"Euroone","url":"https:\/\/euroone.hu\/","logo":{"@type":"ImageObject","inLanguage":"en-US","@id":"https:\/\/euroone.hu\/#\/schema\/logo\/image\/","url":"https:\/\/euroone.hu\/wp-content\/uploads\/2024\/09\/EURO-ONE-szines-logo.png","contentUrl":"https:\/\/euroone.hu\/wp-content\/uploads\/2024\/09\/EURO-ONE-szines-logo.png","width":741,"height":768,"caption":"Euroone"},"image":{"@id":"https:\/\/euroone.hu\/#\/schema\/logo\/image\/"},"sameAs":["https:\/\/www.facebook.com\/euroone","https:\/\/www.linkedin.com\/company\/euro-one\/","https:\/\/www.youtube.com\/@euroonezrt"]}]}},"_links":{"self":[{"href":"https:\/\/euroone.hu\/en\/wp-json\/wp\/v2\/pages\/808","targetHints":{"allow":["GET"]}}],"collection":[{"href":"https:\/\/euroone.hu\/en\/wp-json\/wp\/v2\/pages"}],"about":[{"href":"https:\/\/euroone.hu\/en\/wp-json\/wp\/v2\/types\/page"}],"author":[{"embeddable":true,"href":"https:\/\/euroone.hu\/en\/wp-json\/wp\/v2\/users\/1"}],"replies":[{"embeddable":true,"href":"https:\/\/euroone.hu\/en\/wp-json\/wp\/v2\/comments?post=808"}],"version-history":[{"count":1,"href":"https:\/\/euroone.hu\/en\/wp-json\/wp\/v2\/pages\/808\/revisions"}],"predecessor-version":[{"id":825,"href":"https:\/\/euroone.hu\/en\/wp-json\/wp\/v2\/pages\/808\/revisions\/825"}],"up":[{"embeddable":true,"href":"https:\/\/euroone.hu\/en\/wp-json\/wp\/v2\/pages\/797"}],"wp:featuredmedia":[{"embeddable":true,"href":"https:\/\/euroone.hu\/en\/wp-json\/wp\/v2\/media\/691"}],"wp:attachment":[{"href":"https:\/\/euroone.hu\/en\/wp-json\/wp\/v2\/media?parent=808"}],"curies":[{"name":"wp","href":"https:\/\/api.w.org\/{rel}","templated":true}]}}