{"id":807,"date":"2024-07-23T07:03:22","date_gmt":"2024-07-23T07:03:22","guid":{"rendered":"https:\/\/euroone-latest.local\/solutions\/network-and-information-security\/kiberbiztonsagi-rendszerek\/"},"modified":"2024-10-01T14:49:23","modified_gmt":"2024-10-01T14:49:23","slug":"cybersecurity-systems","status":"publish","type":"page","link":"https:\/\/euroone.hu\/en\/solutions\/information-and-network-security\/cybersecurity-systems\/","title":{"rendered":"Cybersecurity systems"},"content":{"rendered":"\n<p>Our organization has two decades of experience in designing, implementing, and operating cybersecurity systems. We are market-leaders in on-prem SIEM solutions in Hungary, and we have also successfully completed several European projects. Our services include designing cybersecurity system architectures, developing SIEM systems, cybersecurity system integration, integrating MFA solutions, network sandbox technology, vulnerability management, XDR and SOAR solutions, as well as comprehensive operational support. Our advanced endpoint and detection tools offer outstanding protection for our customers.<\/p>\n","protected":false},"excerpt":{"rendered":"<p>Our organization has two decades of experience in designing, implementing, and operating cybersecurity systems. We are market-leaders in on-prem SIEM solutions in Hungary, and we have also successfully completed several European projects. Our services include designing cybersecurity system architectures, developing SIEM systems, cybersecurity system integration, integrating MFA solutions, network sandbox technology, vulnerability management, XDR and [&hellip;]<\/p>\n","protected":false},"author":1,"featured_media":707,"parent":797,"menu_order":0,"comment_status":"closed","ping_status":"closed","template":"template-parts\/page-solution-single.php","meta":{"_acf_changed":false,"footnotes":""},"class_list":["post-807","page","type-page","status-publish","has-post-thumbnail","hentry"],"acf":[],"yoast_head":"<!-- This site is optimized with the Yoast SEO plugin v26.8 - https:\/\/yoast.com\/product\/yoast-seo-wordpress\/ -->\n<title>Cybersecurity systems - EURO ONE<\/title>\n<meta name=\"description\" content=\"Planning and implementation of cyber security solutions, SIEM systems, XDR, SOAR, XSOAR MFA, network sandbox and vulnerability management.\" \/>\n<meta name=\"robots\" content=\"index, follow, max-snippet:-1, max-image-preview:large, max-video-preview:-1\" \/>\n<link rel=\"canonical\" href=\"https:\/\/euroone.hu\/en\/solutions\/information-and-network-security\/cybersecurity-systems\/\" \/>\n<meta property=\"og:locale\" content=\"en_US\" \/>\n<meta property=\"og:type\" content=\"article\" \/>\n<meta property=\"og:title\" content=\"Cybersecurity systems - EURO ONE\" \/>\n<meta property=\"og:description\" content=\"Planning and implementation of cyber security solutions, SIEM systems, XDR, SOAR, XSOAR MFA, network sandbox and vulnerability management.\" \/>\n<meta property=\"og:url\" content=\"https:\/\/euroone.hu\/en\/solutions\/information-and-network-security\/cybersecurity-systems\/\" \/>\n<meta property=\"og:site_name\" content=\"EURO ONE Sz\u00e1m\u00edt\u00e1stechnikai Zrt.\" \/>\n<meta property=\"article:publisher\" content=\"https:\/\/www.facebook.com\/euroone\" \/>\n<meta property=\"article:modified_time\" content=\"2024-10-01T14:49:23+00:00\" \/>\n<meta name=\"twitter:card\" content=\"summary_large_image\" \/>\n<meta name=\"twitter:label1\" content=\"Est. reading time\" \/>\n\t<meta name=\"twitter:data1\" content=\"1 minute\" \/>\n<script type=\"application\/ld+json\" class=\"yoast-schema-graph\">{\"@context\":\"https:\/\/schema.org\",\"@graph\":[{\"@type\":\"WebPage\",\"@id\":\"https:\/\/euroone.hu\/en\/solutions\/information-and-network-security\/cybersecurity-systems\/\",\"url\":\"https:\/\/euroone.hu\/en\/solutions\/information-and-network-security\/cybersecurity-systems\/\",\"name\":\"Cybersecurity systems - EURO ONE\",\"isPartOf\":{\"@id\":\"https:\/\/euroone.hu\/#website\"},\"primaryImageOfPage\":{\"@id\":\"https:\/\/euroone.hu\/en\/solutions\/information-and-network-security\/cybersecurity-systems\/#primaryimage\"},\"image\":{\"@id\":\"https:\/\/euroone.hu\/en\/solutions\/information-and-network-security\/cybersecurity-systems\/#primaryimage\"},\"thumbnailUrl\":\"https:\/\/euroone.hu\/wp-content\/uploads\/2024\/07\/Kiberbiztonsagi-rendszerek-1.svg\",\"datePublished\":\"2024-07-23T07:03:22+00:00\",\"dateModified\":\"2024-10-01T14:49:23+00:00\",\"description\":\"Planning and implementation of cyber security solutions, SIEM systems, XDR, SOAR, XSOAR MFA, network sandbox and vulnerability management.\",\"breadcrumb\":{\"@id\":\"https:\/\/euroone.hu\/en\/solutions\/information-and-network-security\/cybersecurity-systems\/#breadcrumb\"},\"inLanguage\":\"en-US\",\"potentialAction\":[{\"@type\":\"ReadAction\",\"target\":[\"https:\/\/euroone.hu\/en\/solutions\/information-and-network-security\/cybersecurity-systems\/\"]}]},{\"@type\":\"ImageObject\",\"inLanguage\":\"en-US\",\"@id\":\"https:\/\/euroone.hu\/en\/solutions\/information-and-network-security\/cybersecurity-systems\/#primaryimage\",\"url\":\"https:\/\/euroone.hu\/wp-content\/uploads\/2024\/07\/Kiberbiztonsagi-rendszerek-1.svg\",\"contentUrl\":\"https:\/\/euroone.hu\/wp-content\/uploads\/2024\/07\/Kiberbiztonsagi-rendszerek-1.svg\"},{\"@type\":\"BreadcrumbList\",\"@id\":\"https:\/\/euroone.hu\/en\/solutions\/information-and-network-security\/cybersecurity-systems\/#breadcrumb\",\"itemListElement\":[{\"@type\":\"ListItem\",\"position\":1,\"name\":\"Kezd\u0151lap\",\"item\":\"https:\/\/euroone.hu\/en\/\"},{\"@type\":\"ListItem\",\"position\":2,\"name\":\"Solutions\",\"item\":\"https:\/\/euroone.hu\/en\/solutions\/\"},{\"@type\":\"ListItem\",\"position\":3,\"name\":\"Information and network security\",\"item\":\"https:\/\/euroone.hu\/en\/solutions\/information-and-network-security\/\"},{\"@type\":\"ListItem\",\"position\":4,\"name\":\"Cybersecurity systems\"}]},{\"@type\":\"WebSite\",\"@id\":\"https:\/\/euroone.hu\/#website\",\"url\":\"https:\/\/euroone.hu\/\",\"name\":\"Euroone\",\"description\":\"\",\"publisher\":{\"@id\":\"https:\/\/euroone.hu\/#organization\"},\"potentialAction\":[{\"@type\":\"SearchAction\",\"target\":{\"@type\":\"EntryPoint\",\"urlTemplate\":\"https:\/\/euroone.hu\/?s={search_term_string}\"},\"query-input\":{\"@type\":\"PropertyValueSpecification\",\"valueRequired\":true,\"valueName\":\"search_term_string\"}}],\"inLanguage\":\"en-US\"},{\"@type\":\"Organization\",\"@id\":\"https:\/\/euroone.hu\/#organization\",\"name\":\"Euroone\",\"url\":\"https:\/\/euroone.hu\/\",\"logo\":{\"@type\":\"ImageObject\",\"inLanguage\":\"en-US\",\"@id\":\"https:\/\/euroone.hu\/#\/schema\/logo\/image\/\",\"url\":\"https:\/\/euroone.hu\/wp-content\/uploads\/2024\/09\/EURO-ONE-szines-logo.png\",\"contentUrl\":\"https:\/\/euroone.hu\/wp-content\/uploads\/2024\/09\/EURO-ONE-szines-logo.png\",\"width\":741,\"height\":768,\"caption\":\"Euroone\"},\"image\":{\"@id\":\"https:\/\/euroone.hu\/#\/schema\/logo\/image\/\"},\"sameAs\":[\"https:\/\/www.facebook.com\/euroone\",\"https:\/\/www.linkedin.com\/company\/euro-one\/\",\"https:\/\/www.youtube.com\/@euroonezrt\"]}]}<\/script>\n<!-- \/ Yoast SEO plugin. -->","yoast_head_json":{"title":"Cybersecurity systems - EURO ONE","description":"Planning and implementation of cyber security solutions, SIEM systems, XDR, SOAR, XSOAR MFA, network sandbox and vulnerability management.","robots":{"index":"index","follow":"follow","max-snippet":"max-snippet:-1","max-image-preview":"max-image-preview:large","max-video-preview":"max-video-preview:-1"},"canonical":"https:\/\/euroone.hu\/en\/solutions\/information-and-network-security\/cybersecurity-systems\/","og_locale":"en_US","og_type":"article","og_title":"Cybersecurity systems - EURO ONE","og_description":"Planning and implementation of cyber security solutions, SIEM systems, XDR, SOAR, XSOAR MFA, network sandbox and vulnerability management.","og_url":"https:\/\/euroone.hu\/en\/solutions\/information-and-network-security\/cybersecurity-systems\/","og_site_name":"EURO ONE Sz\u00e1m\u00edt\u00e1stechnikai Zrt.","article_publisher":"https:\/\/www.facebook.com\/euroone","article_modified_time":"2024-10-01T14:49:23+00:00","twitter_card":"summary_large_image","twitter_misc":{"Est. reading time":"1 minute"},"schema":{"@context":"https:\/\/schema.org","@graph":[{"@type":"WebPage","@id":"https:\/\/euroone.hu\/en\/solutions\/information-and-network-security\/cybersecurity-systems\/","url":"https:\/\/euroone.hu\/en\/solutions\/information-and-network-security\/cybersecurity-systems\/","name":"Cybersecurity systems - EURO ONE","isPartOf":{"@id":"https:\/\/euroone.hu\/#website"},"primaryImageOfPage":{"@id":"https:\/\/euroone.hu\/en\/solutions\/information-and-network-security\/cybersecurity-systems\/#primaryimage"},"image":{"@id":"https:\/\/euroone.hu\/en\/solutions\/information-and-network-security\/cybersecurity-systems\/#primaryimage"},"thumbnailUrl":"https:\/\/euroone.hu\/wp-content\/uploads\/2024\/07\/Kiberbiztonsagi-rendszerek-1.svg","datePublished":"2024-07-23T07:03:22+00:00","dateModified":"2024-10-01T14:49:23+00:00","description":"Planning and implementation of cyber security solutions, SIEM systems, XDR, SOAR, XSOAR MFA, network sandbox and vulnerability management.","breadcrumb":{"@id":"https:\/\/euroone.hu\/en\/solutions\/information-and-network-security\/cybersecurity-systems\/#breadcrumb"},"inLanguage":"en-US","potentialAction":[{"@type":"ReadAction","target":["https:\/\/euroone.hu\/en\/solutions\/information-and-network-security\/cybersecurity-systems\/"]}]},{"@type":"ImageObject","inLanguage":"en-US","@id":"https:\/\/euroone.hu\/en\/solutions\/information-and-network-security\/cybersecurity-systems\/#primaryimage","url":"https:\/\/euroone.hu\/wp-content\/uploads\/2024\/07\/Kiberbiztonsagi-rendszerek-1.svg","contentUrl":"https:\/\/euroone.hu\/wp-content\/uploads\/2024\/07\/Kiberbiztonsagi-rendszerek-1.svg"},{"@type":"BreadcrumbList","@id":"https:\/\/euroone.hu\/en\/solutions\/information-and-network-security\/cybersecurity-systems\/#breadcrumb","itemListElement":[{"@type":"ListItem","position":1,"name":"Kezd\u0151lap","item":"https:\/\/euroone.hu\/en\/"},{"@type":"ListItem","position":2,"name":"Solutions","item":"https:\/\/euroone.hu\/en\/solutions\/"},{"@type":"ListItem","position":3,"name":"Information and network security","item":"https:\/\/euroone.hu\/en\/solutions\/information-and-network-security\/"},{"@type":"ListItem","position":4,"name":"Cybersecurity systems"}]},{"@type":"WebSite","@id":"https:\/\/euroone.hu\/#website","url":"https:\/\/euroone.hu\/","name":"Euroone","description":"","publisher":{"@id":"https:\/\/euroone.hu\/#organization"},"potentialAction":[{"@type":"SearchAction","target":{"@type":"EntryPoint","urlTemplate":"https:\/\/euroone.hu\/?s={search_term_string}"},"query-input":{"@type":"PropertyValueSpecification","valueRequired":true,"valueName":"search_term_string"}}],"inLanguage":"en-US"},{"@type":"Organization","@id":"https:\/\/euroone.hu\/#organization","name":"Euroone","url":"https:\/\/euroone.hu\/","logo":{"@type":"ImageObject","inLanguage":"en-US","@id":"https:\/\/euroone.hu\/#\/schema\/logo\/image\/","url":"https:\/\/euroone.hu\/wp-content\/uploads\/2024\/09\/EURO-ONE-szines-logo.png","contentUrl":"https:\/\/euroone.hu\/wp-content\/uploads\/2024\/09\/EURO-ONE-szines-logo.png","width":741,"height":768,"caption":"Euroone"},"image":{"@id":"https:\/\/euroone.hu\/#\/schema\/logo\/image\/"},"sameAs":["https:\/\/www.facebook.com\/euroone","https:\/\/www.linkedin.com\/company\/euro-one\/","https:\/\/www.youtube.com\/@euroonezrt"]}]}},"_links":{"self":[{"href":"https:\/\/euroone.hu\/en\/wp-json\/wp\/v2\/pages\/807","targetHints":{"allow":["GET"]}}],"collection":[{"href":"https:\/\/euroone.hu\/en\/wp-json\/wp\/v2\/pages"}],"about":[{"href":"https:\/\/euroone.hu\/en\/wp-json\/wp\/v2\/types\/page"}],"author":[{"embeddable":true,"href":"https:\/\/euroone.hu\/en\/wp-json\/wp\/v2\/users\/1"}],"replies":[{"embeddable":true,"href":"https:\/\/euroone.hu\/en\/wp-json\/wp\/v2\/comments?post=807"}],"version-history":[{"count":2,"href":"https:\/\/euroone.hu\/en\/wp-json\/wp\/v2\/pages\/807\/revisions"}],"predecessor-version":[{"id":1226,"href":"https:\/\/euroone.hu\/en\/wp-json\/wp\/v2\/pages\/807\/revisions\/1226"}],"up":[{"embeddable":true,"href":"https:\/\/euroone.hu\/en\/wp-json\/wp\/v2\/pages\/797"}],"wp:featuredmedia":[{"embeddable":true,"href":"https:\/\/euroone.hu\/en\/wp-json\/wp\/v2\/media\/707"}],"wp:attachment":[{"href":"https:\/\/euroone.hu\/en\/wp-json\/wp\/v2\/media?parent=807"}],"curies":[{"name":"wp","href":"https:\/\/api.w.org\/{rel}","templated":true}]}}