{"id":558,"date":"2024-05-22T09:17:04","date_gmt":"2024-05-22T09:17:04","guid":{"rendered":"http:\/\/euroone.local\/solutions\/fejlesztes\/jogosultsag-menedzsment\/"},"modified":"2024-09-30T15:01:07","modified_gmt":"2024-09-30T15:01:07","slug":"authorization-management","status":"publish","type":"page","link":"https:\/\/euroone.hu\/en\/solutions\/development\/authorization-management\/","title":{"rendered":"Authorization management"},"content":{"rendered":"\n<p>For companies and organizations, authorization management is a complex set of tasks which encompasses authorization inventory, the complex claim process, automating execution, as well as the inventory system. In addition, it also provides other applications with authentication and central authorization management functions. The solution we offer provides a modern, modular application to perform these tasks.<\/p>\n","protected":false},"excerpt":{"rendered":"<p>For companies and organizations, authorization management is a complex set of tasks which encompasses authorization inventory, the complex claim process, automating execution, as well as the inventory system. In addition, it also provides other applications with authentication and central authorization management functions. The solution we offer provides a modern, modular application to perform these tasks.<\/p>\n","protected":false},"author":1,"featured_media":677,"parent":540,"menu_order":0,"comment_status":"closed","ping_status":"closed","template":"template-parts\/page-solution-single.php","meta":{"_acf_changed":false,"footnotes":""},"class_list":["post-558","page","type-page","status-publish","has-post-thumbnail","hentry"],"acf":[],"yoast_head":"<!-- This site is optimized with the Yoast SEO plugin v26.8 - https:\/\/yoast.com\/product\/yoast-seo-wordpress\/ -->\n<title>Authorization management - EURO ONE<\/title>\n<meta name=\"description\" content=\"A modular entitlement management solution that automates enrollment, license management and authentication for enterprises.\" \/>\n<meta name=\"robots\" content=\"index, follow, max-snippet:-1, max-image-preview:large, max-video-preview:-1\" \/>\n<link rel=\"canonical\" href=\"https:\/\/euroone.hu\/megoldasaink\/fejlesztes\/jogosultsag-menedzsment\/\" \/>\n<meta property=\"og:locale\" content=\"en_US\" \/>\n<meta property=\"og:type\" content=\"article\" \/>\n<meta property=\"og:title\" content=\"Authorization management - EURO ONE\" \/>\n<meta property=\"og:description\" content=\"A modular entitlement management solution that automates enrollment, license management and authentication for enterprises.\" \/>\n<meta property=\"og:url\" content=\"https:\/\/euroone.hu\/megoldasaink\/fejlesztes\/jogosultsag-menedzsment\/\" \/>\n<meta property=\"og:site_name\" content=\"EURO ONE Sz\u00e1m\u00edt\u00e1stechnikai Zrt.\" \/>\n<meta property=\"article:publisher\" content=\"https:\/\/www.facebook.com\/euroone\" \/>\n<meta property=\"article:modified_time\" content=\"2024-09-30T15:01:07+00:00\" \/>\n<meta name=\"twitter:card\" content=\"summary_large_image\" \/>\n<meta name=\"twitter:label1\" content=\"Est. reading time\" \/>\n\t<meta name=\"twitter:data1\" content=\"1 minute\" \/>\n<script type=\"application\/ld+json\" class=\"yoast-schema-graph\">{\"@context\":\"https:\/\/schema.org\",\"@graph\":[{\"@type\":\"WebPage\",\"@id\":\"https:\/\/euroone.hu\/megoldasaink\/fejlesztes\/jogosultsag-menedzsment\/\",\"url\":\"https:\/\/euroone.hu\/megoldasaink\/fejlesztes\/jogosultsag-menedzsment\/\",\"name\":\"Authorization management - EURO ONE\",\"isPartOf\":{\"@id\":\"https:\/\/euroone.hu\/#website\"},\"primaryImageOfPage\":{\"@id\":\"https:\/\/euroone.hu\/megoldasaink\/fejlesztes\/jogosultsag-menedzsment\/#primaryimage\"},\"image\":{\"@id\":\"https:\/\/euroone.hu\/megoldasaink\/fejlesztes\/jogosultsag-menedzsment\/#primaryimage\"},\"thumbnailUrl\":\"https:\/\/euroone.hu\/wp-content\/uploads\/2024\/07\/jogosultsag-menedzsment.svg\",\"datePublished\":\"2024-05-22T09:17:04+00:00\",\"dateModified\":\"2024-09-30T15:01:07+00:00\",\"description\":\"A modular entitlement management solution that automates enrollment, license management and authentication for enterprises.\",\"breadcrumb\":{\"@id\":\"https:\/\/euroone.hu\/megoldasaink\/fejlesztes\/jogosultsag-menedzsment\/#breadcrumb\"},\"inLanguage\":\"en-US\",\"potentialAction\":[{\"@type\":\"ReadAction\",\"target\":[\"https:\/\/euroone.hu\/megoldasaink\/fejlesztes\/jogosultsag-menedzsment\/\"]}]},{\"@type\":\"ImageObject\",\"inLanguage\":\"en-US\",\"@id\":\"https:\/\/euroone.hu\/megoldasaink\/fejlesztes\/jogosultsag-menedzsment\/#primaryimage\",\"url\":\"https:\/\/euroone.hu\/wp-content\/uploads\/2024\/07\/jogosultsag-menedzsment.svg\",\"contentUrl\":\"https:\/\/euroone.hu\/wp-content\/uploads\/2024\/07\/jogosultsag-menedzsment.svg\"},{\"@type\":\"BreadcrumbList\",\"@id\":\"https:\/\/euroone.hu\/megoldasaink\/fejlesztes\/jogosultsag-menedzsment\/#breadcrumb\",\"itemListElement\":[{\"@type\":\"ListItem\",\"position\":1,\"name\":\"Kezd\u0151lap\",\"item\":\"https:\/\/euroone.hu\/en\/\"},{\"@type\":\"ListItem\",\"position\":2,\"name\":\"Solutions\",\"item\":\"https:\/\/euroone.hu\/en\/solutions\/\"},{\"@type\":\"ListItem\",\"position\":3,\"name\":\"Development\",\"item\":\"https:\/\/euroone.hu\/en\/solutions\/development\/\"},{\"@type\":\"ListItem\",\"position\":4,\"name\":\"Authorization management\"}]},{\"@type\":\"WebSite\",\"@id\":\"https:\/\/euroone.hu\/#website\",\"url\":\"https:\/\/euroone.hu\/\",\"name\":\"Euroone\",\"description\":\"\",\"publisher\":{\"@id\":\"https:\/\/euroone.hu\/#organization\"},\"potentialAction\":[{\"@type\":\"SearchAction\",\"target\":{\"@type\":\"EntryPoint\",\"urlTemplate\":\"https:\/\/euroone.hu\/?s={search_term_string}\"},\"query-input\":{\"@type\":\"PropertyValueSpecification\",\"valueRequired\":true,\"valueName\":\"search_term_string\"}}],\"inLanguage\":\"en-US\"},{\"@type\":\"Organization\",\"@id\":\"https:\/\/euroone.hu\/#organization\",\"name\":\"Euroone\",\"url\":\"https:\/\/euroone.hu\/\",\"logo\":{\"@type\":\"ImageObject\",\"inLanguage\":\"en-US\",\"@id\":\"https:\/\/euroone.hu\/#\/schema\/logo\/image\/\",\"url\":\"https:\/\/euroone.hu\/wp-content\/uploads\/2024\/09\/EURO-ONE-szines-logo.png\",\"contentUrl\":\"https:\/\/euroone.hu\/wp-content\/uploads\/2024\/09\/EURO-ONE-szines-logo.png\",\"width\":741,\"height\":768,\"caption\":\"Euroone\"},\"image\":{\"@id\":\"https:\/\/euroone.hu\/#\/schema\/logo\/image\/\"},\"sameAs\":[\"https:\/\/www.facebook.com\/euroone\",\"https:\/\/www.linkedin.com\/company\/euro-one\/\",\"https:\/\/www.youtube.com\/@euroonezrt\"]}]}<\/script>\n<!-- \/ Yoast SEO plugin. -->","yoast_head_json":{"title":"Authorization management - EURO ONE","description":"A modular entitlement management solution that automates enrollment, license management and authentication for enterprises.","robots":{"index":"index","follow":"follow","max-snippet":"max-snippet:-1","max-image-preview":"max-image-preview:large","max-video-preview":"max-video-preview:-1"},"canonical":"https:\/\/euroone.hu\/megoldasaink\/fejlesztes\/jogosultsag-menedzsment\/","og_locale":"en_US","og_type":"article","og_title":"Authorization management - EURO ONE","og_description":"A modular entitlement management solution that automates enrollment, license management and authentication for enterprises.","og_url":"https:\/\/euroone.hu\/megoldasaink\/fejlesztes\/jogosultsag-menedzsment\/","og_site_name":"EURO ONE Sz\u00e1m\u00edt\u00e1stechnikai Zrt.","article_publisher":"https:\/\/www.facebook.com\/euroone","article_modified_time":"2024-09-30T15:01:07+00:00","twitter_card":"summary_large_image","twitter_misc":{"Est. reading time":"1 minute"},"schema":{"@context":"https:\/\/schema.org","@graph":[{"@type":"WebPage","@id":"https:\/\/euroone.hu\/megoldasaink\/fejlesztes\/jogosultsag-menedzsment\/","url":"https:\/\/euroone.hu\/megoldasaink\/fejlesztes\/jogosultsag-menedzsment\/","name":"Authorization management - EURO ONE","isPartOf":{"@id":"https:\/\/euroone.hu\/#website"},"primaryImageOfPage":{"@id":"https:\/\/euroone.hu\/megoldasaink\/fejlesztes\/jogosultsag-menedzsment\/#primaryimage"},"image":{"@id":"https:\/\/euroone.hu\/megoldasaink\/fejlesztes\/jogosultsag-menedzsment\/#primaryimage"},"thumbnailUrl":"https:\/\/euroone.hu\/wp-content\/uploads\/2024\/07\/jogosultsag-menedzsment.svg","datePublished":"2024-05-22T09:17:04+00:00","dateModified":"2024-09-30T15:01:07+00:00","description":"A modular entitlement management solution that automates enrollment, license management and authentication for enterprises.","breadcrumb":{"@id":"https:\/\/euroone.hu\/megoldasaink\/fejlesztes\/jogosultsag-menedzsment\/#breadcrumb"},"inLanguage":"en-US","potentialAction":[{"@type":"ReadAction","target":["https:\/\/euroone.hu\/megoldasaink\/fejlesztes\/jogosultsag-menedzsment\/"]}]},{"@type":"ImageObject","inLanguage":"en-US","@id":"https:\/\/euroone.hu\/megoldasaink\/fejlesztes\/jogosultsag-menedzsment\/#primaryimage","url":"https:\/\/euroone.hu\/wp-content\/uploads\/2024\/07\/jogosultsag-menedzsment.svg","contentUrl":"https:\/\/euroone.hu\/wp-content\/uploads\/2024\/07\/jogosultsag-menedzsment.svg"},{"@type":"BreadcrumbList","@id":"https:\/\/euroone.hu\/megoldasaink\/fejlesztes\/jogosultsag-menedzsment\/#breadcrumb","itemListElement":[{"@type":"ListItem","position":1,"name":"Kezd\u0151lap","item":"https:\/\/euroone.hu\/en\/"},{"@type":"ListItem","position":2,"name":"Solutions","item":"https:\/\/euroone.hu\/en\/solutions\/"},{"@type":"ListItem","position":3,"name":"Development","item":"https:\/\/euroone.hu\/en\/solutions\/development\/"},{"@type":"ListItem","position":4,"name":"Authorization management"}]},{"@type":"WebSite","@id":"https:\/\/euroone.hu\/#website","url":"https:\/\/euroone.hu\/","name":"Euroone","description":"","publisher":{"@id":"https:\/\/euroone.hu\/#organization"},"potentialAction":[{"@type":"SearchAction","target":{"@type":"EntryPoint","urlTemplate":"https:\/\/euroone.hu\/?s={search_term_string}"},"query-input":{"@type":"PropertyValueSpecification","valueRequired":true,"valueName":"search_term_string"}}],"inLanguage":"en-US"},{"@type":"Organization","@id":"https:\/\/euroone.hu\/#organization","name":"Euroone","url":"https:\/\/euroone.hu\/","logo":{"@type":"ImageObject","inLanguage":"en-US","@id":"https:\/\/euroone.hu\/#\/schema\/logo\/image\/","url":"https:\/\/euroone.hu\/wp-content\/uploads\/2024\/09\/EURO-ONE-szines-logo.png","contentUrl":"https:\/\/euroone.hu\/wp-content\/uploads\/2024\/09\/EURO-ONE-szines-logo.png","width":741,"height":768,"caption":"Euroone"},"image":{"@id":"https:\/\/euroone.hu\/#\/schema\/logo\/image\/"},"sameAs":["https:\/\/www.facebook.com\/euroone","https:\/\/www.linkedin.com\/company\/euro-one\/","https:\/\/www.youtube.com\/@euroonezrt"]}]}},"_links":{"self":[{"href":"https:\/\/euroone.hu\/en\/wp-json\/wp\/v2\/pages\/558","targetHints":{"allow":["GET"]}}],"collection":[{"href":"https:\/\/euroone.hu\/en\/wp-json\/wp\/v2\/pages"}],"about":[{"href":"https:\/\/euroone.hu\/en\/wp-json\/wp\/v2\/types\/page"}],"author":[{"embeddable":true,"href":"https:\/\/euroone.hu\/en\/wp-json\/wp\/v2\/users\/1"}],"replies":[{"embeddable":true,"href":"https:\/\/euroone.hu\/en\/wp-json\/wp\/v2\/comments?post=558"}],"version-history":[{"count":4,"href":"https:\/\/euroone.hu\/en\/wp-json\/wp\/v2\/pages\/558\/revisions"}],"predecessor-version":[{"id":1208,"href":"https:\/\/euroone.hu\/en\/wp-json\/wp\/v2\/pages\/558\/revisions\/1208"}],"up":[{"embeddable":true,"href":"https:\/\/euroone.hu\/en\/wp-json\/wp\/v2\/pages\/540"}],"wp:featuredmedia":[{"embeddable":true,"href":"https:\/\/euroone.hu\/en\/wp-json\/wp\/v2\/media\/677"}],"wp:attachment":[{"href":"https:\/\/euroone.hu\/en\/wp-json\/wp\/v2\/media?parent=558"}],"curies":[{"name":"wp","href":"https:\/\/api.w.org\/{rel}","templated":true}]}}