{"id":556,"date":"2024-05-22T09:16:51","date_gmt":"2024-05-22T09:16:51","guid":{"rendered":"http:\/\/euroone.local\/solutions\/fejlesztes\/digitalizalo-rendszer-dir\/"},"modified":"2024-09-30T14:57:24","modified_gmt":"2024-09-30T14:57:24","slug":"digitalization-system-dir","status":"publish","type":"page","link":"https:\/\/euroone.hu\/en\/solutions\/development\/digitalization-system-dir\/","title":{"rendered":"Digitalization system (DIR)"},"content":{"rendered":"\n<p>Our solution supports the collection, security screening, opening, and arrival ID assignment of existing or post-delivered paper-based documents, as well as exception management, and delivery to the target system. Our self-developed solution can be inserted into the document processing workflow following the document preparation stage, however, it feeds information into systems connected through interfaces in each work phase. Our digitization system can be implemented into the organizational infrastructure on a stand-alone basis, but it can continuously provide status information to connected systems through standard interfaces for the whole duration of the digitization process.<\/p>\n","protected":false},"excerpt":{"rendered":"<p>Our solution supports the collection, security screening, opening, and arrival ID assignment of existing or post-delivered paper-based documents, as well as exception management, and delivery to the target system. Our self-developed solution can be inserted into the document processing workflow following the document preparation stage, however, it feeds information into systems connected through interfaces in [&hellip;]<\/p>\n","protected":false},"author":1,"featured_media":671,"parent":540,"menu_order":0,"comment_status":"closed","ping_status":"closed","template":"template-parts\/page-solution-single.php","meta":{"_acf_changed":false,"footnotes":""},"class_list":["post-556","page","type-page","status-publish","has-post-thumbnail","hentry"],"acf":[],"yoast_head":"<!-- This site is optimized with the Yoast SEO plugin v26.8 - https:\/\/yoast.com\/product\/yoast-seo-wordpress\/ -->\n<title>Digitalization system (DIR) - EURO ONE<\/title>\n<meta name=\"description\" content=\"Digitizing of paper documents, quality control, OCR technology, and transmission to target systems in two-layer PDF format.\" \/>\n<meta name=\"robots\" content=\"index, follow, max-snippet:-1, max-image-preview:large, max-video-preview:-1\" \/>\n<link rel=\"canonical\" href=\"https:\/\/euroone.hu\/en\/solutions\/development\/digitalization-system-dir\/\" \/>\n<meta property=\"og:locale\" content=\"en_US\" \/>\n<meta property=\"og:type\" content=\"article\" \/>\n<meta property=\"og:title\" content=\"Digitalization system (DIR) - EURO ONE\" \/>\n<meta property=\"og:description\" content=\"Digitizing of paper documents, quality control, OCR technology, and transmission to target systems in two-layer PDF format.\" \/>\n<meta property=\"og:url\" content=\"https:\/\/euroone.hu\/en\/solutions\/development\/digitalization-system-dir\/\" \/>\n<meta property=\"og:site_name\" content=\"EURO ONE Sz\u00e1m\u00edt\u00e1stechnikai Zrt.\" \/>\n<meta property=\"article:publisher\" content=\"https:\/\/www.facebook.com\/euroone\" \/>\n<meta property=\"article:modified_time\" content=\"2024-09-30T14:57:24+00:00\" \/>\n<meta name=\"twitter:card\" content=\"summary_large_image\" \/>\n<meta name=\"twitter:label1\" content=\"Est. reading time\" \/>\n\t<meta name=\"twitter:data1\" content=\"1 minute\" \/>\n<script type=\"application\/ld+json\" class=\"yoast-schema-graph\">{\"@context\":\"https:\/\/schema.org\",\"@graph\":[{\"@type\":\"WebPage\",\"@id\":\"https:\/\/euroone.hu\/en\/solutions\/development\/digitalization-system-dir\/\",\"url\":\"https:\/\/euroone.hu\/en\/solutions\/development\/digitalization-system-dir\/\",\"name\":\"Digitalization system (DIR) - EURO ONE\",\"isPartOf\":{\"@id\":\"https:\/\/euroone.hu\/#website\"},\"primaryImageOfPage\":{\"@id\":\"https:\/\/euroone.hu\/en\/solutions\/development\/digitalization-system-dir\/#primaryimage\"},\"image\":{\"@id\":\"https:\/\/euroone.hu\/en\/solutions\/development\/digitalization-system-dir\/#primaryimage\"},\"thumbnailUrl\":\"https:\/\/euroone.hu\/wp-content\/uploads\/2024\/07\/DIR.svg\",\"datePublished\":\"2024-05-22T09:16:51+00:00\",\"dateModified\":\"2024-09-30T14:57:24+00:00\",\"description\":\"Digitizing of paper documents, quality control, OCR technology, and transmission to target systems in two-layer PDF format.\",\"breadcrumb\":{\"@id\":\"https:\/\/euroone.hu\/en\/solutions\/development\/digitalization-system-dir\/#breadcrumb\"},\"inLanguage\":\"en-US\",\"potentialAction\":[{\"@type\":\"ReadAction\",\"target\":[\"https:\/\/euroone.hu\/en\/solutions\/development\/digitalization-system-dir\/\"]}]},{\"@type\":\"ImageObject\",\"inLanguage\":\"en-US\",\"@id\":\"https:\/\/euroone.hu\/en\/solutions\/development\/digitalization-system-dir\/#primaryimage\",\"url\":\"https:\/\/euroone.hu\/wp-content\/uploads\/2024\/07\/DIR.svg\",\"contentUrl\":\"https:\/\/euroone.hu\/wp-content\/uploads\/2024\/07\/DIR.svg\"},{\"@type\":\"BreadcrumbList\",\"@id\":\"https:\/\/euroone.hu\/en\/solutions\/development\/digitalization-system-dir\/#breadcrumb\",\"itemListElement\":[{\"@type\":\"ListItem\",\"position\":1,\"name\":\"Kezd\u0151lap\",\"item\":\"https:\/\/euroone.hu\/en\/\"},{\"@type\":\"ListItem\",\"position\":2,\"name\":\"Solutions\",\"item\":\"https:\/\/euroone.hu\/en\/solutions\/\"},{\"@type\":\"ListItem\",\"position\":3,\"name\":\"Development\",\"item\":\"https:\/\/euroone.hu\/en\/solutions\/development\/\"},{\"@type\":\"ListItem\",\"position\":4,\"name\":\"Digitalization system (DIR)\"}]},{\"@type\":\"WebSite\",\"@id\":\"https:\/\/euroone.hu\/#website\",\"url\":\"https:\/\/euroone.hu\/\",\"name\":\"Euroone\",\"description\":\"\",\"publisher\":{\"@id\":\"https:\/\/euroone.hu\/#organization\"},\"potentialAction\":[{\"@type\":\"SearchAction\",\"target\":{\"@type\":\"EntryPoint\",\"urlTemplate\":\"https:\/\/euroone.hu\/?s={search_term_string}\"},\"query-input\":{\"@type\":\"PropertyValueSpecification\",\"valueRequired\":true,\"valueName\":\"search_term_string\"}}],\"inLanguage\":\"en-US\"},{\"@type\":\"Organization\",\"@id\":\"https:\/\/euroone.hu\/#organization\",\"name\":\"Euroone\",\"url\":\"https:\/\/euroone.hu\/\",\"logo\":{\"@type\":\"ImageObject\",\"inLanguage\":\"en-US\",\"@id\":\"https:\/\/euroone.hu\/#\/schema\/logo\/image\/\",\"url\":\"https:\/\/euroone.hu\/wp-content\/uploads\/2024\/09\/EURO-ONE-szines-logo.png\",\"contentUrl\":\"https:\/\/euroone.hu\/wp-content\/uploads\/2024\/09\/EURO-ONE-szines-logo.png\",\"width\":741,\"height\":768,\"caption\":\"Euroone\"},\"image\":{\"@id\":\"https:\/\/euroone.hu\/#\/schema\/logo\/image\/\"},\"sameAs\":[\"https:\/\/www.facebook.com\/euroone\",\"https:\/\/www.linkedin.com\/company\/euro-one\/\",\"https:\/\/www.youtube.com\/@euroonezrt\"]}]}<\/script>\n<!-- \/ Yoast SEO plugin. -->","yoast_head_json":{"title":"Digitalization system (DIR) - EURO ONE","description":"Digitizing of paper documents, quality control, OCR technology, and transmission to target systems in two-layer PDF format.","robots":{"index":"index","follow":"follow","max-snippet":"max-snippet:-1","max-image-preview":"max-image-preview:large","max-video-preview":"max-video-preview:-1"},"canonical":"https:\/\/euroone.hu\/en\/solutions\/development\/digitalization-system-dir\/","og_locale":"en_US","og_type":"article","og_title":"Digitalization system (DIR) - EURO ONE","og_description":"Digitizing of paper documents, quality control, OCR technology, and transmission to target systems in two-layer PDF format.","og_url":"https:\/\/euroone.hu\/en\/solutions\/development\/digitalization-system-dir\/","og_site_name":"EURO ONE Sz\u00e1m\u00edt\u00e1stechnikai Zrt.","article_publisher":"https:\/\/www.facebook.com\/euroone","article_modified_time":"2024-09-30T14:57:24+00:00","twitter_card":"summary_large_image","twitter_misc":{"Est. reading time":"1 minute"},"schema":{"@context":"https:\/\/schema.org","@graph":[{"@type":"WebPage","@id":"https:\/\/euroone.hu\/en\/solutions\/development\/digitalization-system-dir\/","url":"https:\/\/euroone.hu\/en\/solutions\/development\/digitalization-system-dir\/","name":"Digitalization system (DIR) - EURO ONE","isPartOf":{"@id":"https:\/\/euroone.hu\/#website"},"primaryImageOfPage":{"@id":"https:\/\/euroone.hu\/en\/solutions\/development\/digitalization-system-dir\/#primaryimage"},"image":{"@id":"https:\/\/euroone.hu\/en\/solutions\/development\/digitalization-system-dir\/#primaryimage"},"thumbnailUrl":"https:\/\/euroone.hu\/wp-content\/uploads\/2024\/07\/DIR.svg","datePublished":"2024-05-22T09:16:51+00:00","dateModified":"2024-09-30T14:57:24+00:00","description":"Digitizing of paper documents, quality control, OCR technology, and transmission to target systems in two-layer PDF format.","breadcrumb":{"@id":"https:\/\/euroone.hu\/en\/solutions\/development\/digitalization-system-dir\/#breadcrumb"},"inLanguage":"en-US","potentialAction":[{"@type":"ReadAction","target":["https:\/\/euroone.hu\/en\/solutions\/development\/digitalization-system-dir\/"]}]},{"@type":"ImageObject","inLanguage":"en-US","@id":"https:\/\/euroone.hu\/en\/solutions\/development\/digitalization-system-dir\/#primaryimage","url":"https:\/\/euroone.hu\/wp-content\/uploads\/2024\/07\/DIR.svg","contentUrl":"https:\/\/euroone.hu\/wp-content\/uploads\/2024\/07\/DIR.svg"},{"@type":"BreadcrumbList","@id":"https:\/\/euroone.hu\/en\/solutions\/development\/digitalization-system-dir\/#breadcrumb","itemListElement":[{"@type":"ListItem","position":1,"name":"Kezd\u0151lap","item":"https:\/\/euroone.hu\/en\/"},{"@type":"ListItem","position":2,"name":"Solutions","item":"https:\/\/euroone.hu\/en\/solutions\/"},{"@type":"ListItem","position":3,"name":"Development","item":"https:\/\/euroone.hu\/en\/solutions\/development\/"},{"@type":"ListItem","position":4,"name":"Digitalization system (DIR)"}]},{"@type":"WebSite","@id":"https:\/\/euroone.hu\/#website","url":"https:\/\/euroone.hu\/","name":"Euroone","description":"","publisher":{"@id":"https:\/\/euroone.hu\/#organization"},"potentialAction":[{"@type":"SearchAction","target":{"@type":"EntryPoint","urlTemplate":"https:\/\/euroone.hu\/?s={search_term_string}"},"query-input":{"@type":"PropertyValueSpecification","valueRequired":true,"valueName":"search_term_string"}}],"inLanguage":"en-US"},{"@type":"Organization","@id":"https:\/\/euroone.hu\/#organization","name":"Euroone","url":"https:\/\/euroone.hu\/","logo":{"@type":"ImageObject","inLanguage":"en-US","@id":"https:\/\/euroone.hu\/#\/schema\/logo\/image\/","url":"https:\/\/euroone.hu\/wp-content\/uploads\/2024\/09\/EURO-ONE-szines-logo.png","contentUrl":"https:\/\/euroone.hu\/wp-content\/uploads\/2024\/09\/EURO-ONE-szines-logo.png","width":741,"height":768,"caption":"Euroone"},"image":{"@id":"https:\/\/euroone.hu\/#\/schema\/logo\/image\/"},"sameAs":["https:\/\/www.facebook.com\/euroone","https:\/\/www.linkedin.com\/company\/euro-one\/","https:\/\/www.youtube.com\/@euroonezrt"]}]}},"_links":{"self":[{"href":"https:\/\/euroone.hu\/en\/wp-json\/wp\/v2\/pages\/556","targetHints":{"allow":["GET"]}}],"collection":[{"href":"https:\/\/euroone.hu\/en\/wp-json\/wp\/v2\/pages"}],"about":[{"href":"https:\/\/euroone.hu\/en\/wp-json\/wp\/v2\/types\/page"}],"author":[{"embeddable":true,"href":"https:\/\/euroone.hu\/en\/wp-json\/wp\/v2\/users\/1"}],"replies":[{"embeddable":true,"href":"https:\/\/euroone.hu\/en\/wp-json\/wp\/v2\/comments?post=556"}],"version-history":[{"count":5,"href":"https:\/\/euroone.hu\/en\/wp-json\/wp\/v2\/pages\/556\/revisions"}],"predecessor-version":[{"id":1206,"href":"https:\/\/euroone.hu\/en\/wp-json\/wp\/v2\/pages\/556\/revisions\/1206"}],"up":[{"embeddable":true,"href":"https:\/\/euroone.hu\/en\/wp-json\/wp\/v2\/pages\/540"}],"wp:featuredmedia":[{"embeddable":true,"href":"https:\/\/euroone.hu\/en\/wp-json\/wp\/v2\/media\/671"}],"wp:attachment":[{"href":"https:\/\/euroone.hu\/en\/wp-json\/wp\/v2\/media?parent=556"}],"curies":[{"name":"wp","href":"https:\/\/api.w.org\/{rel}","templated":true}]}}