{"id":552,"date":"2024-05-22T09:16:18","date_gmt":"2024-05-22T09:16:18","guid":{"rendered":"http:\/\/euroone.local\/solutions\/fejlesztes\/solveo-feladatmenedzsment\/"},"modified":"2024-09-30T14:38:32","modified_gmt":"2024-09-30T14:38:32","slug":"solveo-task-management","status":"publish","type":"page","link":"https:\/\/euroone.hu\/en\/solutions\/development\/solveo-task-management\/","title":{"rendered":"SolvEO (task management)"},"content":{"rendered":"\n<p>One of the key aspects of effective working is providing people involved in the process only with information that\u2019s important for them or needed for their job. Relevant personal and task-related content (such as tasks to delegate) should be highlighted, less important information should be featured with the option to be disabled. SolvEO offers management, staff, and administrative users a modern, work-optimized platform to administrate and track different types of tasks that can be found in the organization.<\/p>\n","protected":false},"excerpt":{"rendered":"<p>One of the key aspects of effective working is providing people involved in the process only with information that\u2019s important for them or needed for their job. Relevant personal and task-related content (such as tasks to delegate) should be highlighted, less important information should be featured with the option to be disabled. SolvEO offers management, [&hellip;]<\/p>\n","protected":false},"author":1,"featured_media":681,"parent":540,"menu_order":0,"comment_status":"closed","ping_status":"closed","template":"template-parts\/page-solution-single.php","meta":{"_acf_changed":false,"footnotes":""},"class_list":["post-552","page","type-page","status-publish","has-post-thumbnail","hentry"],"acf":[],"yoast_head":"<!-- This site is optimized with the Yoast SEO plugin v26.8 - https:\/\/yoast.com\/product\/yoast-seo-wordpress\/ -->\n<title>SolvEO (task management) - EURO ONE<\/title>\n<meta name=\"description\" content=\"SolvEO&#039;s task management system efficiently helps you record, track and manage tasks from different channels.\" \/>\n<meta name=\"robots\" content=\"index, follow, max-snippet:-1, max-image-preview:large, max-video-preview:-1\" \/>\n<link rel=\"canonical\" href=\"https:\/\/euroone.hu\/megoldasaink\/fejlesztes\/solveo-feladatmenedzsment\/\" \/>\n<meta property=\"og:locale\" content=\"en_US\" \/>\n<meta property=\"og:type\" content=\"article\" \/>\n<meta property=\"og:title\" content=\"SolvEO (task management) - EURO ONE\" \/>\n<meta property=\"og:description\" content=\"SolvEO&#039;s task management system efficiently helps you record, track and manage tasks from different channels.\" \/>\n<meta property=\"og:url\" content=\"https:\/\/euroone.hu\/megoldasaink\/fejlesztes\/solveo-feladatmenedzsment\/\" \/>\n<meta property=\"og:site_name\" content=\"EURO ONE Sz\u00e1m\u00edt\u00e1stechnikai Zrt.\" \/>\n<meta property=\"article:publisher\" content=\"https:\/\/www.facebook.com\/euroone\" \/>\n<meta property=\"article:modified_time\" content=\"2024-09-30T14:38:32+00:00\" \/>\n<meta name=\"twitter:card\" content=\"summary_large_image\" \/>\n<meta name=\"twitter:label1\" content=\"Est. reading time\" \/>\n\t<meta name=\"twitter:data1\" content=\"1 minute\" \/>\n<script type=\"application\/ld+json\" class=\"yoast-schema-graph\">{\"@context\":\"https:\/\/schema.org\",\"@graph\":[{\"@type\":\"WebPage\",\"@id\":\"https:\/\/euroone.hu\/megoldasaink\/fejlesztes\/solveo-feladatmenedzsment\/\",\"url\":\"https:\/\/euroone.hu\/megoldasaink\/fejlesztes\/solveo-feladatmenedzsment\/\",\"name\":\"SolvEO (task management) - EURO ONE\",\"isPartOf\":{\"@id\":\"https:\/\/euroone.hu\/#website\"},\"primaryImageOfPage\":{\"@id\":\"https:\/\/euroone.hu\/megoldasaink\/fejlesztes\/solveo-feladatmenedzsment\/#primaryimage\"},\"image\":{\"@id\":\"https:\/\/euroone.hu\/megoldasaink\/fejlesztes\/solveo-feladatmenedzsment\/#primaryimage\"},\"thumbnailUrl\":\"https:\/\/euroone.hu\/wp-content\/uploads\/2024\/07\/solveo.svg\",\"datePublished\":\"2024-05-22T09:16:18+00:00\",\"dateModified\":\"2024-09-30T14:38:32+00:00\",\"description\":\"SolvEO's task management system efficiently helps you record, track and manage tasks from different channels.\",\"breadcrumb\":{\"@id\":\"https:\/\/euroone.hu\/megoldasaink\/fejlesztes\/solveo-feladatmenedzsment\/#breadcrumb\"},\"inLanguage\":\"en-US\",\"potentialAction\":[{\"@type\":\"ReadAction\",\"target\":[\"https:\/\/euroone.hu\/megoldasaink\/fejlesztes\/solveo-feladatmenedzsment\/\"]}]},{\"@type\":\"ImageObject\",\"inLanguage\":\"en-US\",\"@id\":\"https:\/\/euroone.hu\/megoldasaink\/fejlesztes\/solveo-feladatmenedzsment\/#primaryimage\",\"url\":\"https:\/\/euroone.hu\/wp-content\/uploads\/2024\/07\/solveo.svg\",\"contentUrl\":\"https:\/\/euroone.hu\/wp-content\/uploads\/2024\/07\/solveo.svg\"},{\"@type\":\"BreadcrumbList\",\"@id\":\"https:\/\/euroone.hu\/megoldasaink\/fejlesztes\/solveo-feladatmenedzsment\/#breadcrumb\",\"itemListElement\":[{\"@type\":\"ListItem\",\"position\":1,\"name\":\"Kezd\u0151lap\",\"item\":\"https:\/\/euroone.hu\/en\/\"},{\"@type\":\"ListItem\",\"position\":2,\"name\":\"Solutions\",\"item\":\"https:\/\/euroone.hu\/en\/solutions\/\"},{\"@type\":\"ListItem\",\"position\":3,\"name\":\"Development\",\"item\":\"https:\/\/euroone.hu\/en\/solutions\/development\/\"},{\"@type\":\"ListItem\",\"position\":4,\"name\":\"SolvEO (task management)\"}]},{\"@type\":\"WebSite\",\"@id\":\"https:\/\/euroone.hu\/#website\",\"url\":\"https:\/\/euroone.hu\/\",\"name\":\"Euroone\",\"description\":\"\",\"publisher\":{\"@id\":\"https:\/\/euroone.hu\/#organization\"},\"potentialAction\":[{\"@type\":\"SearchAction\",\"target\":{\"@type\":\"EntryPoint\",\"urlTemplate\":\"https:\/\/euroone.hu\/?s={search_term_string}\"},\"query-input\":{\"@type\":\"PropertyValueSpecification\",\"valueRequired\":true,\"valueName\":\"search_term_string\"}}],\"inLanguage\":\"en-US\"},{\"@type\":\"Organization\",\"@id\":\"https:\/\/euroone.hu\/#organization\",\"name\":\"Euroone\",\"url\":\"https:\/\/euroone.hu\/\",\"logo\":{\"@type\":\"ImageObject\",\"inLanguage\":\"en-US\",\"@id\":\"https:\/\/euroone.hu\/#\/schema\/logo\/image\/\",\"url\":\"https:\/\/euroone.hu\/wp-content\/uploads\/2024\/09\/EURO-ONE-szines-logo.png\",\"contentUrl\":\"https:\/\/euroone.hu\/wp-content\/uploads\/2024\/09\/EURO-ONE-szines-logo.png\",\"width\":741,\"height\":768,\"caption\":\"Euroone\"},\"image\":{\"@id\":\"https:\/\/euroone.hu\/#\/schema\/logo\/image\/\"},\"sameAs\":[\"https:\/\/www.facebook.com\/euroone\",\"https:\/\/www.linkedin.com\/company\/euro-one\/\",\"https:\/\/www.youtube.com\/@euroonezrt\"]}]}<\/script>\n<!-- \/ Yoast SEO plugin. -->","yoast_head_json":{"title":"SolvEO (task management) - EURO ONE","description":"SolvEO's task management system efficiently helps you record, track and manage tasks from different channels.","robots":{"index":"index","follow":"follow","max-snippet":"max-snippet:-1","max-image-preview":"max-image-preview:large","max-video-preview":"max-video-preview:-1"},"canonical":"https:\/\/euroone.hu\/megoldasaink\/fejlesztes\/solveo-feladatmenedzsment\/","og_locale":"en_US","og_type":"article","og_title":"SolvEO (task management) - EURO ONE","og_description":"SolvEO's task management system efficiently helps you record, track and manage tasks from different channels.","og_url":"https:\/\/euroone.hu\/megoldasaink\/fejlesztes\/solveo-feladatmenedzsment\/","og_site_name":"EURO ONE Sz\u00e1m\u00edt\u00e1stechnikai Zrt.","article_publisher":"https:\/\/www.facebook.com\/euroone","article_modified_time":"2024-09-30T14:38:32+00:00","twitter_card":"summary_large_image","twitter_misc":{"Est. reading time":"1 minute"},"schema":{"@context":"https:\/\/schema.org","@graph":[{"@type":"WebPage","@id":"https:\/\/euroone.hu\/megoldasaink\/fejlesztes\/solveo-feladatmenedzsment\/","url":"https:\/\/euroone.hu\/megoldasaink\/fejlesztes\/solveo-feladatmenedzsment\/","name":"SolvEO (task management) - EURO ONE","isPartOf":{"@id":"https:\/\/euroone.hu\/#website"},"primaryImageOfPage":{"@id":"https:\/\/euroone.hu\/megoldasaink\/fejlesztes\/solveo-feladatmenedzsment\/#primaryimage"},"image":{"@id":"https:\/\/euroone.hu\/megoldasaink\/fejlesztes\/solveo-feladatmenedzsment\/#primaryimage"},"thumbnailUrl":"https:\/\/euroone.hu\/wp-content\/uploads\/2024\/07\/solveo.svg","datePublished":"2024-05-22T09:16:18+00:00","dateModified":"2024-09-30T14:38:32+00:00","description":"SolvEO's task management system efficiently helps you record, track and manage tasks from different channels.","breadcrumb":{"@id":"https:\/\/euroone.hu\/megoldasaink\/fejlesztes\/solveo-feladatmenedzsment\/#breadcrumb"},"inLanguage":"en-US","potentialAction":[{"@type":"ReadAction","target":["https:\/\/euroone.hu\/megoldasaink\/fejlesztes\/solveo-feladatmenedzsment\/"]}]},{"@type":"ImageObject","inLanguage":"en-US","@id":"https:\/\/euroone.hu\/megoldasaink\/fejlesztes\/solveo-feladatmenedzsment\/#primaryimage","url":"https:\/\/euroone.hu\/wp-content\/uploads\/2024\/07\/solveo.svg","contentUrl":"https:\/\/euroone.hu\/wp-content\/uploads\/2024\/07\/solveo.svg"},{"@type":"BreadcrumbList","@id":"https:\/\/euroone.hu\/megoldasaink\/fejlesztes\/solveo-feladatmenedzsment\/#breadcrumb","itemListElement":[{"@type":"ListItem","position":1,"name":"Kezd\u0151lap","item":"https:\/\/euroone.hu\/en\/"},{"@type":"ListItem","position":2,"name":"Solutions","item":"https:\/\/euroone.hu\/en\/solutions\/"},{"@type":"ListItem","position":3,"name":"Development","item":"https:\/\/euroone.hu\/en\/solutions\/development\/"},{"@type":"ListItem","position":4,"name":"SolvEO (task management)"}]},{"@type":"WebSite","@id":"https:\/\/euroone.hu\/#website","url":"https:\/\/euroone.hu\/","name":"Euroone","description":"","publisher":{"@id":"https:\/\/euroone.hu\/#organization"},"potentialAction":[{"@type":"SearchAction","target":{"@type":"EntryPoint","urlTemplate":"https:\/\/euroone.hu\/?s={search_term_string}"},"query-input":{"@type":"PropertyValueSpecification","valueRequired":true,"valueName":"search_term_string"}}],"inLanguage":"en-US"},{"@type":"Organization","@id":"https:\/\/euroone.hu\/#organization","name":"Euroone","url":"https:\/\/euroone.hu\/","logo":{"@type":"ImageObject","inLanguage":"en-US","@id":"https:\/\/euroone.hu\/#\/schema\/logo\/image\/","url":"https:\/\/euroone.hu\/wp-content\/uploads\/2024\/09\/EURO-ONE-szines-logo.png","contentUrl":"https:\/\/euroone.hu\/wp-content\/uploads\/2024\/09\/EURO-ONE-szines-logo.png","width":741,"height":768,"caption":"Euroone"},"image":{"@id":"https:\/\/euroone.hu\/#\/schema\/logo\/image\/"},"sameAs":["https:\/\/www.facebook.com\/euroone","https:\/\/www.linkedin.com\/company\/euro-one\/","https:\/\/www.youtube.com\/@euroonezrt"]}]}},"_links":{"self":[{"href":"https:\/\/euroone.hu\/en\/wp-json\/wp\/v2\/pages\/552","targetHints":{"allow":["GET"]}}],"collection":[{"href":"https:\/\/euroone.hu\/en\/wp-json\/wp\/v2\/pages"}],"about":[{"href":"https:\/\/euroone.hu\/en\/wp-json\/wp\/v2\/types\/page"}],"author":[{"embeddable":true,"href":"https:\/\/euroone.hu\/en\/wp-json\/wp\/v2\/users\/1"}],"replies":[{"embeddable":true,"href":"https:\/\/euroone.hu\/en\/wp-json\/wp\/v2\/comments?post=552"}],"version-history":[{"count":3,"href":"https:\/\/euroone.hu\/en\/wp-json\/wp\/v2\/pages\/552\/revisions"}],"predecessor-version":[{"id":1202,"href":"https:\/\/euroone.hu\/en\/wp-json\/wp\/v2\/pages\/552\/revisions\/1202"}],"up":[{"embeddable":true,"href":"https:\/\/euroone.hu\/en\/wp-json\/wp\/v2\/pages\/540"}],"wp:featuredmedia":[{"embeddable":true,"href":"https:\/\/euroone.hu\/en\/wp-json\/wp\/v2\/media\/681"}],"wp:attachment":[{"href":"https:\/\/euroone.hu\/en\/wp-json\/wp\/v2\/media?parent=552"}],"curies":[{"name":"wp","href":"https:\/\/api.w.org\/{rel}","templated":true}]}}