{"id":550,"date":"2024-05-22T09:16:06","date_gmt":"2024-05-22T09:16:06","guid":{"rendered":"http:\/\/euroone.local\/solutions\/fejlesztes\/sponteo-automatizalt-uzemeltetesi-tamogatas\/"},"modified":"2024-09-30T14:36:31","modified_gmt":"2024-09-30T14:36:31","slug":"sponteo-automated-operations-support","status":"publish","type":"page","link":"https:\/\/euroone.hu\/en\/solutions\/development\/sponteo-automated-operations-support\/","title":{"rendered":"SpontEO (automated operations support)"},"content":{"rendered":"\n<p>With the help of the SpontEO system, we can automate provisional tasks, as well as manage retrospective actions and configurations on existing systems.\u00a0Using SpontEO reduces the working and lead time of tasks performed in the system, as process execution becomes standardized, and pre-arranged provisional processes help eliminate the exposure between certain operational and systems engineering areas.\u00a0The solution can be successfully utilized during the complex, automated migration of live environments as well. (infrastructure and application combined).<\/p>\n","protected":false},"excerpt":{"rendered":"<p>With the help of the SpontEO system, we can automate provisional tasks, as well as manage retrospective actions and configurations on existing systems.\u00a0Using SpontEO reduces the working and lead time of tasks performed in the system, as process execution becomes standardized, and pre-arranged provisional processes help eliminate the exposure between certain operational and systems engineering [&hellip;]<\/p>\n","protected":false},"author":1,"featured_media":683,"parent":540,"menu_order":0,"comment_status":"closed","ping_status":"closed","template":"template-parts\/page-solution-single.php","meta":{"_acf_changed":false,"footnotes":""},"class_list":["post-550","page","type-page","status-publish","has-post-thumbnail","hentry"],"acf":[],"yoast_head":"<!-- This site is optimized with the Yoast SEO plugin v26.8 - https:\/\/yoast.com\/product\/yoast-seo-wordpress\/ -->\n<title>SpontEO (automated operations support) - EURO ONE<\/title>\n<meta name=\"description\" content=\"SpontEO accelerates provisioning and configuration operations with automated operations support, reducing lead times.\" \/>\n<meta name=\"robots\" content=\"index, follow, max-snippet:-1, max-image-preview:large, max-video-preview:-1\" \/>\n<link rel=\"canonical\" href=\"https:\/\/euroone.hu\/megoldasaink\/fejlesztes\/sponteo-automatizalt-uzemeltetesi-tamogatas\/\" \/>\n<meta property=\"og:locale\" content=\"en_US\" \/>\n<meta property=\"og:type\" content=\"article\" \/>\n<meta property=\"og:title\" content=\"SpontEO (automated operations support) - EURO ONE\" \/>\n<meta property=\"og:description\" content=\"SpontEO accelerates provisioning and configuration operations with automated operations support, reducing lead times.\" \/>\n<meta property=\"og:url\" content=\"https:\/\/euroone.hu\/megoldasaink\/fejlesztes\/sponteo-automatizalt-uzemeltetesi-tamogatas\/\" \/>\n<meta property=\"og:site_name\" content=\"EURO ONE Sz\u00e1m\u00edt\u00e1stechnikai Zrt.\" \/>\n<meta property=\"article:publisher\" content=\"https:\/\/www.facebook.com\/euroone\" \/>\n<meta property=\"article:modified_time\" content=\"2024-09-30T14:36:31+00:00\" \/>\n<meta name=\"twitter:card\" content=\"summary_large_image\" \/>\n<meta name=\"twitter:label1\" content=\"Est. reading time\" \/>\n\t<meta name=\"twitter:data1\" content=\"1 minute\" \/>\n<script type=\"application\/ld+json\" class=\"yoast-schema-graph\">{\"@context\":\"https:\/\/schema.org\",\"@graph\":[{\"@type\":\"WebPage\",\"@id\":\"https:\/\/euroone.hu\/megoldasaink\/fejlesztes\/sponteo-automatizalt-uzemeltetesi-tamogatas\/\",\"url\":\"https:\/\/euroone.hu\/megoldasaink\/fejlesztes\/sponteo-automatizalt-uzemeltetesi-tamogatas\/\",\"name\":\"SpontEO (automated operations support) - EURO ONE\",\"isPartOf\":{\"@id\":\"https:\/\/euroone.hu\/#website\"},\"primaryImageOfPage\":{\"@id\":\"https:\/\/euroone.hu\/megoldasaink\/fejlesztes\/sponteo-automatizalt-uzemeltetesi-tamogatas\/#primaryimage\"},\"image\":{\"@id\":\"https:\/\/euroone.hu\/megoldasaink\/fejlesztes\/sponteo-automatizalt-uzemeltetesi-tamogatas\/#primaryimage\"},\"thumbnailUrl\":\"https:\/\/euroone.hu\/wp-content\/uploads\/2024\/07\/sponteo.svg\",\"datePublished\":\"2024-05-22T09:16:06+00:00\",\"dateModified\":\"2024-09-30T14:36:31+00:00\",\"description\":\"SpontEO accelerates provisioning and configuration operations with automated operations support, reducing lead times.\",\"breadcrumb\":{\"@id\":\"https:\/\/euroone.hu\/megoldasaink\/fejlesztes\/sponteo-automatizalt-uzemeltetesi-tamogatas\/#breadcrumb\"},\"inLanguage\":\"en-US\",\"potentialAction\":[{\"@type\":\"ReadAction\",\"target\":[\"https:\/\/euroone.hu\/megoldasaink\/fejlesztes\/sponteo-automatizalt-uzemeltetesi-tamogatas\/\"]}]},{\"@type\":\"ImageObject\",\"inLanguage\":\"en-US\",\"@id\":\"https:\/\/euroone.hu\/megoldasaink\/fejlesztes\/sponteo-automatizalt-uzemeltetesi-tamogatas\/#primaryimage\",\"url\":\"https:\/\/euroone.hu\/wp-content\/uploads\/2024\/07\/sponteo.svg\",\"contentUrl\":\"https:\/\/euroone.hu\/wp-content\/uploads\/2024\/07\/sponteo.svg\"},{\"@type\":\"BreadcrumbList\",\"@id\":\"https:\/\/euroone.hu\/megoldasaink\/fejlesztes\/sponteo-automatizalt-uzemeltetesi-tamogatas\/#breadcrumb\",\"itemListElement\":[{\"@type\":\"ListItem\",\"position\":1,\"name\":\"Kezd\u0151lap\",\"item\":\"https:\/\/euroone.hu\/en\/\"},{\"@type\":\"ListItem\",\"position\":2,\"name\":\"Solutions\",\"item\":\"https:\/\/euroone.hu\/en\/solutions\/\"},{\"@type\":\"ListItem\",\"position\":3,\"name\":\"Development\",\"item\":\"https:\/\/euroone.hu\/en\/solutions\/development\/\"},{\"@type\":\"ListItem\",\"position\":4,\"name\":\"SpontEO (automated operations support)\"}]},{\"@type\":\"WebSite\",\"@id\":\"https:\/\/euroone.hu\/#website\",\"url\":\"https:\/\/euroone.hu\/\",\"name\":\"Euroone\",\"description\":\"\",\"publisher\":{\"@id\":\"https:\/\/euroone.hu\/#organization\"},\"potentialAction\":[{\"@type\":\"SearchAction\",\"target\":{\"@type\":\"EntryPoint\",\"urlTemplate\":\"https:\/\/euroone.hu\/?s={search_term_string}\"},\"query-input\":{\"@type\":\"PropertyValueSpecification\",\"valueRequired\":true,\"valueName\":\"search_term_string\"}}],\"inLanguage\":\"en-US\"},{\"@type\":\"Organization\",\"@id\":\"https:\/\/euroone.hu\/#organization\",\"name\":\"Euroone\",\"url\":\"https:\/\/euroone.hu\/\",\"logo\":{\"@type\":\"ImageObject\",\"inLanguage\":\"en-US\",\"@id\":\"https:\/\/euroone.hu\/#\/schema\/logo\/image\/\",\"url\":\"https:\/\/euroone.hu\/wp-content\/uploads\/2024\/09\/EURO-ONE-szines-logo.png\",\"contentUrl\":\"https:\/\/euroone.hu\/wp-content\/uploads\/2024\/09\/EURO-ONE-szines-logo.png\",\"width\":741,\"height\":768,\"caption\":\"Euroone\"},\"image\":{\"@id\":\"https:\/\/euroone.hu\/#\/schema\/logo\/image\/\"},\"sameAs\":[\"https:\/\/www.facebook.com\/euroone\",\"https:\/\/www.linkedin.com\/company\/euro-one\/\",\"https:\/\/www.youtube.com\/@euroonezrt\"]}]}<\/script>\n<!-- \/ Yoast SEO plugin. -->","yoast_head_json":{"title":"SpontEO (automated operations support) - EURO ONE","description":"SpontEO accelerates provisioning and configuration operations with automated operations support, reducing lead times.","robots":{"index":"index","follow":"follow","max-snippet":"max-snippet:-1","max-image-preview":"max-image-preview:large","max-video-preview":"max-video-preview:-1"},"canonical":"https:\/\/euroone.hu\/megoldasaink\/fejlesztes\/sponteo-automatizalt-uzemeltetesi-tamogatas\/","og_locale":"en_US","og_type":"article","og_title":"SpontEO (automated operations support) - EURO ONE","og_description":"SpontEO accelerates provisioning and configuration operations with automated operations support, reducing lead times.","og_url":"https:\/\/euroone.hu\/megoldasaink\/fejlesztes\/sponteo-automatizalt-uzemeltetesi-tamogatas\/","og_site_name":"EURO ONE Sz\u00e1m\u00edt\u00e1stechnikai Zrt.","article_publisher":"https:\/\/www.facebook.com\/euroone","article_modified_time":"2024-09-30T14:36:31+00:00","twitter_card":"summary_large_image","twitter_misc":{"Est. reading time":"1 minute"},"schema":{"@context":"https:\/\/schema.org","@graph":[{"@type":"WebPage","@id":"https:\/\/euroone.hu\/megoldasaink\/fejlesztes\/sponteo-automatizalt-uzemeltetesi-tamogatas\/","url":"https:\/\/euroone.hu\/megoldasaink\/fejlesztes\/sponteo-automatizalt-uzemeltetesi-tamogatas\/","name":"SpontEO (automated operations support) - EURO ONE","isPartOf":{"@id":"https:\/\/euroone.hu\/#website"},"primaryImageOfPage":{"@id":"https:\/\/euroone.hu\/megoldasaink\/fejlesztes\/sponteo-automatizalt-uzemeltetesi-tamogatas\/#primaryimage"},"image":{"@id":"https:\/\/euroone.hu\/megoldasaink\/fejlesztes\/sponteo-automatizalt-uzemeltetesi-tamogatas\/#primaryimage"},"thumbnailUrl":"https:\/\/euroone.hu\/wp-content\/uploads\/2024\/07\/sponteo.svg","datePublished":"2024-05-22T09:16:06+00:00","dateModified":"2024-09-30T14:36:31+00:00","description":"SpontEO accelerates provisioning and configuration operations with automated operations support, reducing lead times.","breadcrumb":{"@id":"https:\/\/euroone.hu\/megoldasaink\/fejlesztes\/sponteo-automatizalt-uzemeltetesi-tamogatas\/#breadcrumb"},"inLanguage":"en-US","potentialAction":[{"@type":"ReadAction","target":["https:\/\/euroone.hu\/megoldasaink\/fejlesztes\/sponteo-automatizalt-uzemeltetesi-tamogatas\/"]}]},{"@type":"ImageObject","inLanguage":"en-US","@id":"https:\/\/euroone.hu\/megoldasaink\/fejlesztes\/sponteo-automatizalt-uzemeltetesi-tamogatas\/#primaryimage","url":"https:\/\/euroone.hu\/wp-content\/uploads\/2024\/07\/sponteo.svg","contentUrl":"https:\/\/euroone.hu\/wp-content\/uploads\/2024\/07\/sponteo.svg"},{"@type":"BreadcrumbList","@id":"https:\/\/euroone.hu\/megoldasaink\/fejlesztes\/sponteo-automatizalt-uzemeltetesi-tamogatas\/#breadcrumb","itemListElement":[{"@type":"ListItem","position":1,"name":"Kezd\u0151lap","item":"https:\/\/euroone.hu\/en\/"},{"@type":"ListItem","position":2,"name":"Solutions","item":"https:\/\/euroone.hu\/en\/solutions\/"},{"@type":"ListItem","position":3,"name":"Development","item":"https:\/\/euroone.hu\/en\/solutions\/development\/"},{"@type":"ListItem","position":4,"name":"SpontEO (automated operations support)"}]},{"@type":"WebSite","@id":"https:\/\/euroone.hu\/#website","url":"https:\/\/euroone.hu\/","name":"Euroone","description":"","publisher":{"@id":"https:\/\/euroone.hu\/#organization"},"potentialAction":[{"@type":"SearchAction","target":{"@type":"EntryPoint","urlTemplate":"https:\/\/euroone.hu\/?s={search_term_string}"},"query-input":{"@type":"PropertyValueSpecification","valueRequired":true,"valueName":"search_term_string"}}],"inLanguage":"en-US"},{"@type":"Organization","@id":"https:\/\/euroone.hu\/#organization","name":"Euroone","url":"https:\/\/euroone.hu\/","logo":{"@type":"ImageObject","inLanguage":"en-US","@id":"https:\/\/euroone.hu\/#\/schema\/logo\/image\/","url":"https:\/\/euroone.hu\/wp-content\/uploads\/2024\/09\/EURO-ONE-szines-logo.png","contentUrl":"https:\/\/euroone.hu\/wp-content\/uploads\/2024\/09\/EURO-ONE-szines-logo.png","width":741,"height":768,"caption":"Euroone"},"image":{"@id":"https:\/\/euroone.hu\/#\/schema\/logo\/image\/"},"sameAs":["https:\/\/www.facebook.com\/euroone","https:\/\/www.linkedin.com\/company\/euro-one\/","https:\/\/www.youtube.com\/@euroonezrt"]}]}},"_links":{"self":[{"href":"https:\/\/euroone.hu\/en\/wp-json\/wp\/v2\/pages\/550","targetHints":{"allow":["GET"]}}],"collection":[{"href":"https:\/\/euroone.hu\/en\/wp-json\/wp\/v2\/pages"}],"about":[{"href":"https:\/\/euroone.hu\/en\/wp-json\/wp\/v2\/types\/page"}],"author":[{"embeddable":true,"href":"https:\/\/euroone.hu\/en\/wp-json\/wp\/v2\/users\/1"}],"replies":[{"embeddable":true,"href":"https:\/\/euroone.hu\/en\/wp-json\/wp\/v2\/comments?post=550"}],"version-history":[{"count":4,"href":"https:\/\/euroone.hu\/en\/wp-json\/wp\/v2\/pages\/550\/revisions"}],"predecessor-version":[{"id":1200,"href":"https:\/\/euroone.hu\/en\/wp-json\/wp\/v2\/pages\/550\/revisions\/1200"}],"up":[{"embeddable":true,"href":"https:\/\/euroone.hu\/en\/wp-json\/wp\/v2\/pages\/540"}],"wp:featuredmedia":[{"embeddable":true,"href":"https:\/\/euroone.hu\/en\/wp-json\/wp\/v2\/media\/683"}],"wp:attachment":[{"href":"https:\/\/euroone.hu\/en\/wp-json\/wp\/v2\/media?parent=550"}],"curies":[{"name":"wp","href":"https:\/\/api.w.org\/{rel}","templated":true}]}}