{"id":547,"date":"2024-05-22T09:15:19","date_gmt":"2024-05-22T09:15:19","guid":{"rendered":"http:\/\/euroone.local\/solutions\/fejlesztes\/mdm-master-data-management\/"},"modified":"2024-09-30T11:00:32","modified_gmt":"2024-09-30T11:00:32","slug":"mdm-master-data-management-systems","status":"publish","type":"page","link":"https:\/\/euroone.hu\/en\/solutions\/development\/mdm-master-data-management-systems\/","title":{"rendered":"MDM (Master Data Management) systems"},"content":{"rendered":"\n<p>The fundamental goal of our self-developed, corporate environment-optimized application is to build a central inventory that contains the most important corporate and contact data. The reliability of our MDM system is demonstrated by the fact that a version of it installed more than 5 years ago stores approximately 15,000 employees and their contact data from the last 10 years, in chronological order. In parallel, it continuously feeds data into other fundamental specialist systems through 24 interfaces.<\/p>\n","protected":false},"excerpt":{"rendered":"<p>The fundamental goal of our self-developed, corporate environment-optimized application is to build a central inventory that contains the most important corporate and contact data. The reliability of our MDM system is demonstrated by the fact that a version of it installed more than 5 years ago stores approximately 15,000 employees and their contact data from [&hellip;]<\/p>\n","protected":false},"author":1,"featured_media":679,"parent":540,"menu_order":0,"comment_status":"closed","ping_status":"closed","template":"template-parts\/page-solution-single.php","meta":{"_acf_changed":false,"footnotes":""},"class_list":["post-547","page","type-page","status-publish","has-post-thumbnail","hentry"],"acf":[],"yoast_head":"<!-- This site is optimized with the Yoast SEO plugin v26.8 - https:\/\/yoast.com\/product\/yoast-seo-wordpress\/ -->\n<title>MDM (Master Data Management) systems - EURO ONE<\/title>\n<meta name=\"description\" content=\"Our enterprise MDM solution provides a centralized repository that consolidates and organizes your core business data, supporting efficiency.\" \/>\n<meta name=\"robots\" content=\"index, follow, max-snippet:-1, max-image-preview:large, max-video-preview:-1\" \/>\n<link rel=\"canonical\" href=\"https:\/\/euroone.hu\/megoldasaink\/fejlesztes\/mdm-master-data-management\/\" \/>\n<meta property=\"og:locale\" content=\"en_US\" \/>\n<meta property=\"og:type\" content=\"article\" \/>\n<meta property=\"og:title\" content=\"MDM (Master Data Management) systems - EURO ONE\" \/>\n<meta property=\"og:description\" content=\"Our enterprise MDM solution provides a centralized repository that consolidates and organizes your core business data, supporting efficiency.\" \/>\n<meta property=\"og:url\" content=\"https:\/\/euroone.hu\/megoldasaink\/fejlesztes\/mdm-master-data-management\/\" \/>\n<meta property=\"og:site_name\" content=\"EURO ONE Sz\u00e1m\u00edt\u00e1stechnikai Zrt.\" \/>\n<meta property=\"article:publisher\" content=\"https:\/\/www.facebook.com\/euroone\" \/>\n<meta property=\"article:modified_time\" content=\"2024-09-30T11:00:32+00:00\" \/>\n<meta name=\"twitter:card\" content=\"summary_large_image\" \/>\n<meta name=\"twitter:label1\" content=\"Est. reading time\" \/>\n\t<meta name=\"twitter:data1\" content=\"1 minute\" \/>\n<script type=\"application\/ld+json\" class=\"yoast-schema-graph\">{\"@context\":\"https:\/\/schema.org\",\"@graph\":[{\"@type\":\"WebPage\",\"@id\":\"https:\/\/euroone.hu\/megoldasaink\/fejlesztes\/mdm-master-data-management\/\",\"url\":\"https:\/\/euroone.hu\/megoldasaink\/fejlesztes\/mdm-master-data-management\/\",\"name\":\"MDM (Master Data Management) systems - EURO ONE\",\"isPartOf\":{\"@id\":\"https:\/\/euroone.hu\/#website\"},\"primaryImageOfPage\":{\"@id\":\"https:\/\/euroone.hu\/megoldasaink\/fejlesztes\/mdm-master-data-management\/#primaryimage\"},\"image\":{\"@id\":\"https:\/\/euroone.hu\/megoldasaink\/fejlesztes\/mdm-master-data-management\/#primaryimage\"},\"thumbnailUrl\":\"https:\/\/euroone.hu\/wp-content\/uploads\/2024\/07\/MDM.svg\",\"datePublished\":\"2024-05-22T09:15:19+00:00\",\"dateModified\":\"2024-09-30T11:00:32+00:00\",\"description\":\"Our enterprise MDM solution provides a centralized repository that consolidates and organizes your core business data, supporting efficiency.\",\"breadcrumb\":{\"@id\":\"https:\/\/euroone.hu\/megoldasaink\/fejlesztes\/mdm-master-data-management\/#breadcrumb\"},\"inLanguage\":\"en-US\",\"potentialAction\":[{\"@type\":\"ReadAction\",\"target\":[\"https:\/\/euroone.hu\/megoldasaink\/fejlesztes\/mdm-master-data-management\/\"]}]},{\"@type\":\"ImageObject\",\"inLanguage\":\"en-US\",\"@id\":\"https:\/\/euroone.hu\/megoldasaink\/fejlesztes\/mdm-master-data-management\/#primaryimage\",\"url\":\"https:\/\/euroone.hu\/wp-content\/uploads\/2024\/07\/MDM.svg\",\"contentUrl\":\"https:\/\/euroone.hu\/wp-content\/uploads\/2024\/07\/MDM.svg\"},{\"@type\":\"BreadcrumbList\",\"@id\":\"https:\/\/euroone.hu\/megoldasaink\/fejlesztes\/mdm-master-data-management\/#breadcrumb\",\"itemListElement\":[{\"@type\":\"ListItem\",\"position\":1,\"name\":\"Kezd\u0151lap\",\"item\":\"https:\/\/euroone.hu\/en\/\"},{\"@type\":\"ListItem\",\"position\":2,\"name\":\"Solutions\",\"item\":\"https:\/\/euroone.hu\/en\/solutions\/\"},{\"@type\":\"ListItem\",\"position\":3,\"name\":\"Development\",\"item\":\"https:\/\/euroone.hu\/en\/solutions\/development\/\"},{\"@type\":\"ListItem\",\"position\":4,\"name\":\"MDM (Master Data Management) systems\"}]},{\"@type\":\"WebSite\",\"@id\":\"https:\/\/euroone.hu\/#website\",\"url\":\"https:\/\/euroone.hu\/\",\"name\":\"Euroone\",\"description\":\"\",\"publisher\":{\"@id\":\"https:\/\/euroone.hu\/#organization\"},\"potentialAction\":[{\"@type\":\"SearchAction\",\"target\":{\"@type\":\"EntryPoint\",\"urlTemplate\":\"https:\/\/euroone.hu\/?s={search_term_string}\"},\"query-input\":{\"@type\":\"PropertyValueSpecification\",\"valueRequired\":true,\"valueName\":\"search_term_string\"}}],\"inLanguage\":\"en-US\"},{\"@type\":\"Organization\",\"@id\":\"https:\/\/euroone.hu\/#organization\",\"name\":\"Euroone\",\"url\":\"https:\/\/euroone.hu\/\",\"logo\":{\"@type\":\"ImageObject\",\"inLanguage\":\"en-US\",\"@id\":\"https:\/\/euroone.hu\/#\/schema\/logo\/image\/\",\"url\":\"https:\/\/euroone.hu\/wp-content\/uploads\/2024\/09\/EURO-ONE-szines-logo.png\",\"contentUrl\":\"https:\/\/euroone.hu\/wp-content\/uploads\/2024\/09\/EURO-ONE-szines-logo.png\",\"width\":741,\"height\":768,\"caption\":\"Euroone\"},\"image\":{\"@id\":\"https:\/\/euroone.hu\/#\/schema\/logo\/image\/\"},\"sameAs\":[\"https:\/\/www.facebook.com\/euroone\",\"https:\/\/www.linkedin.com\/company\/euro-one\/\",\"https:\/\/www.youtube.com\/@euroonezrt\"]}]}<\/script>\n<!-- \/ Yoast SEO plugin. -->","yoast_head_json":{"title":"MDM (Master Data Management) systems - EURO ONE","description":"Our enterprise MDM solution provides a centralized repository that consolidates and organizes your core business data, supporting efficiency.","robots":{"index":"index","follow":"follow","max-snippet":"max-snippet:-1","max-image-preview":"max-image-preview:large","max-video-preview":"max-video-preview:-1"},"canonical":"https:\/\/euroone.hu\/megoldasaink\/fejlesztes\/mdm-master-data-management\/","og_locale":"en_US","og_type":"article","og_title":"MDM (Master Data Management) systems - EURO ONE","og_description":"Our enterprise MDM solution provides a centralized repository that consolidates and organizes your core business data, supporting efficiency.","og_url":"https:\/\/euroone.hu\/megoldasaink\/fejlesztes\/mdm-master-data-management\/","og_site_name":"EURO ONE Sz\u00e1m\u00edt\u00e1stechnikai Zrt.","article_publisher":"https:\/\/www.facebook.com\/euroone","article_modified_time":"2024-09-30T11:00:32+00:00","twitter_card":"summary_large_image","twitter_misc":{"Est. reading time":"1 minute"},"schema":{"@context":"https:\/\/schema.org","@graph":[{"@type":"WebPage","@id":"https:\/\/euroone.hu\/megoldasaink\/fejlesztes\/mdm-master-data-management\/","url":"https:\/\/euroone.hu\/megoldasaink\/fejlesztes\/mdm-master-data-management\/","name":"MDM (Master Data Management) systems - EURO ONE","isPartOf":{"@id":"https:\/\/euroone.hu\/#website"},"primaryImageOfPage":{"@id":"https:\/\/euroone.hu\/megoldasaink\/fejlesztes\/mdm-master-data-management\/#primaryimage"},"image":{"@id":"https:\/\/euroone.hu\/megoldasaink\/fejlesztes\/mdm-master-data-management\/#primaryimage"},"thumbnailUrl":"https:\/\/euroone.hu\/wp-content\/uploads\/2024\/07\/MDM.svg","datePublished":"2024-05-22T09:15:19+00:00","dateModified":"2024-09-30T11:00:32+00:00","description":"Our enterprise MDM solution provides a centralized repository that consolidates and organizes your core business data, supporting efficiency.","breadcrumb":{"@id":"https:\/\/euroone.hu\/megoldasaink\/fejlesztes\/mdm-master-data-management\/#breadcrumb"},"inLanguage":"en-US","potentialAction":[{"@type":"ReadAction","target":["https:\/\/euroone.hu\/megoldasaink\/fejlesztes\/mdm-master-data-management\/"]}]},{"@type":"ImageObject","inLanguage":"en-US","@id":"https:\/\/euroone.hu\/megoldasaink\/fejlesztes\/mdm-master-data-management\/#primaryimage","url":"https:\/\/euroone.hu\/wp-content\/uploads\/2024\/07\/MDM.svg","contentUrl":"https:\/\/euroone.hu\/wp-content\/uploads\/2024\/07\/MDM.svg"},{"@type":"BreadcrumbList","@id":"https:\/\/euroone.hu\/megoldasaink\/fejlesztes\/mdm-master-data-management\/#breadcrumb","itemListElement":[{"@type":"ListItem","position":1,"name":"Kezd\u0151lap","item":"https:\/\/euroone.hu\/en\/"},{"@type":"ListItem","position":2,"name":"Solutions","item":"https:\/\/euroone.hu\/en\/solutions\/"},{"@type":"ListItem","position":3,"name":"Development","item":"https:\/\/euroone.hu\/en\/solutions\/development\/"},{"@type":"ListItem","position":4,"name":"MDM (Master Data Management) systems"}]},{"@type":"WebSite","@id":"https:\/\/euroone.hu\/#website","url":"https:\/\/euroone.hu\/","name":"Euroone","description":"","publisher":{"@id":"https:\/\/euroone.hu\/#organization"},"potentialAction":[{"@type":"SearchAction","target":{"@type":"EntryPoint","urlTemplate":"https:\/\/euroone.hu\/?s={search_term_string}"},"query-input":{"@type":"PropertyValueSpecification","valueRequired":true,"valueName":"search_term_string"}}],"inLanguage":"en-US"},{"@type":"Organization","@id":"https:\/\/euroone.hu\/#organization","name":"Euroone","url":"https:\/\/euroone.hu\/","logo":{"@type":"ImageObject","inLanguage":"en-US","@id":"https:\/\/euroone.hu\/#\/schema\/logo\/image\/","url":"https:\/\/euroone.hu\/wp-content\/uploads\/2024\/09\/EURO-ONE-szines-logo.png","contentUrl":"https:\/\/euroone.hu\/wp-content\/uploads\/2024\/09\/EURO-ONE-szines-logo.png","width":741,"height":768,"caption":"Euroone"},"image":{"@id":"https:\/\/euroone.hu\/#\/schema\/logo\/image\/"},"sameAs":["https:\/\/www.facebook.com\/euroone","https:\/\/www.linkedin.com\/company\/euro-one\/","https:\/\/www.youtube.com\/@euroonezrt"]}]}},"_links":{"self":[{"href":"https:\/\/euroone.hu\/en\/wp-json\/wp\/v2\/pages\/547","targetHints":{"allow":["GET"]}}],"collection":[{"href":"https:\/\/euroone.hu\/en\/wp-json\/wp\/v2\/pages"}],"about":[{"href":"https:\/\/euroone.hu\/en\/wp-json\/wp\/v2\/types\/page"}],"author":[{"embeddable":true,"href":"https:\/\/euroone.hu\/en\/wp-json\/wp\/v2\/users\/1"}],"replies":[{"embeddable":true,"href":"https:\/\/euroone.hu\/en\/wp-json\/wp\/v2\/comments?post=547"}],"version-history":[{"count":3,"href":"https:\/\/euroone.hu\/en\/wp-json\/wp\/v2\/pages\/547\/revisions"}],"predecessor-version":[{"id":1160,"href":"https:\/\/euroone.hu\/en\/wp-json\/wp\/v2\/pages\/547\/revisions\/1160"}],"up":[{"embeddable":true,"href":"https:\/\/euroone.hu\/en\/wp-json\/wp\/v2\/pages\/540"}],"wp:featuredmedia":[{"embeddable":true,"href":"https:\/\/euroone.hu\/en\/wp-json\/wp\/v2\/media\/679"}],"wp:attachment":[{"href":"https:\/\/euroone.hu\/en\/wp-json\/wp\/v2\/media?parent=547"}],"curies":[{"name":"wp","href":"https:\/\/api.w.org\/{rel}","templated":true}]}}