{"id":543,"date":"2024-05-22T09:11:15","date_gmt":"2024-05-22T09:11:15","guid":{"rendered":"http:\/\/euroone.local\/solutions\/fejlesztes\/egyedi-szoftverfejlesztes\/"},"modified":"2024-09-30T10:59:59","modified_gmt":"2024-09-30T10:59:59","slug":"customized-software-development","status":"publish","type":"page","link":"https:\/\/euroone.hu\/en\/solutions\/development\/customized-software-development\/","title":{"rendered":"Customized software development"},"content":{"rendered":"\n<p>The need for customized software development may occur in various areas of a company or organization. Understanding the needs and designing an application accordingly which in fact solves the problem encountered may require different expertise depending on the area of business. This is exactly why\u00a0we put great emphasis on making sure our business analysts are experts at various areas of corporate processes, understand the technology deployed in the given business area, as well as know the typical problems and difficulties. Thanks to this approach, we have built a software development competency in multiple areas of corporate processes over the years that we can utilize as best practice when designing new applications.<\/p>\n","protected":false},"excerpt":{"rendered":"<p>The need for customized software development may occur in various areas of a company or organization. Understanding the needs and designing an application accordingly which in fact solves the problem encountered may require different expertise depending on the area of business. This is exactly why\u00a0we put great emphasis on making sure our business analysts are [&hellip;]<\/p>\n","protected":false},"author":1,"featured_media":673,"parent":540,"menu_order":0,"comment_status":"closed","ping_status":"closed","template":"template-parts\/page-solution-single.php","meta":{"_acf_changed":false,"footnotes":""},"class_list":["post-543","page","type-page","status-publish","has-post-thumbnail","hentry"],"acf":[],"yoast_head":"<!-- This site is optimized with the Yoast SEO plugin v26.8 - https:\/\/yoast.com\/product\/yoast-seo-wordpress\/ -->\n<title>Customized software development - EURO ONE<\/title>\n<meta name=\"description\" content=\"Custom software development customized to your business processes, with experienced experts and modern technologies: .NET, Angular, Azure.\" \/>\n<meta name=\"robots\" content=\"index, follow, max-snippet:-1, max-image-preview:large, max-video-preview:-1\" \/>\n<link rel=\"canonical\" href=\"https:\/\/euroone.hu\/en\/solutions\/development\/customized-software-development\/\" \/>\n<meta property=\"og:locale\" content=\"en_US\" \/>\n<meta property=\"og:type\" content=\"article\" \/>\n<meta property=\"og:title\" content=\"Customized software development - EURO ONE\" \/>\n<meta property=\"og:description\" content=\"Custom software development customized to your business processes, with experienced experts and modern technologies: .NET, Angular, Azure.\" \/>\n<meta property=\"og:url\" content=\"https:\/\/euroone.hu\/en\/solutions\/development\/customized-software-development\/\" \/>\n<meta property=\"og:site_name\" content=\"EURO ONE Sz\u00e1m\u00edt\u00e1stechnikai Zrt.\" \/>\n<meta property=\"article:publisher\" content=\"https:\/\/www.facebook.com\/euroone\" \/>\n<meta property=\"article:modified_time\" content=\"2024-09-30T10:59:59+00:00\" \/>\n<meta name=\"twitter:card\" content=\"summary_large_image\" \/>\n<meta name=\"twitter:label1\" content=\"Est. reading time\" \/>\n\t<meta name=\"twitter:data1\" content=\"1 minute\" \/>\n<script type=\"application\/ld+json\" class=\"yoast-schema-graph\">{\"@context\":\"https:\/\/schema.org\",\"@graph\":[{\"@type\":\"WebPage\",\"@id\":\"https:\/\/euroone.hu\/en\/solutions\/development\/customized-software-development\/\",\"url\":\"https:\/\/euroone.hu\/en\/solutions\/development\/customized-software-development\/\",\"name\":\"Customized software development - EURO ONE\",\"isPartOf\":{\"@id\":\"https:\/\/euroone.hu\/#website\"},\"primaryImageOfPage\":{\"@id\":\"https:\/\/euroone.hu\/en\/solutions\/development\/customized-software-development\/#primaryimage\"},\"image\":{\"@id\":\"https:\/\/euroone.hu\/en\/solutions\/development\/customized-software-development\/#primaryimage\"},\"thumbnailUrl\":\"https:\/\/euroone.hu\/wp-content\/uploads\/2024\/07\/egyedi-szoftverfejlesztes.svg\",\"datePublished\":\"2024-05-22T09:11:15+00:00\",\"dateModified\":\"2024-09-30T10:59:59+00:00\",\"description\":\"Custom software development customized to your business processes, with experienced experts and modern technologies: .NET, Angular, Azure.\",\"breadcrumb\":{\"@id\":\"https:\/\/euroone.hu\/en\/solutions\/development\/customized-software-development\/#breadcrumb\"},\"inLanguage\":\"en-US\",\"potentialAction\":[{\"@type\":\"ReadAction\",\"target\":[\"https:\/\/euroone.hu\/en\/solutions\/development\/customized-software-development\/\"]}]},{\"@type\":\"ImageObject\",\"inLanguage\":\"en-US\",\"@id\":\"https:\/\/euroone.hu\/en\/solutions\/development\/customized-software-development\/#primaryimage\",\"url\":\"https:\/\/euroone.hu\/wp-content\/uploads\/2024\/07\/egyedi-szoftverfejlesztes.svg\",\"contentUrl\":\"https:\/\/euroone.hu\/wp-content\/uploads\/2024\/07\/egyedi-szoftverfejlesztes.svg\"},{\"@type\":\"BreadcrumbList\",\"@id\":\"https:\/\/euroone.hu\/en\/solutions\/development\/customized-software-development\/#breadcrumb\",\"itemListElement\":[{\"@type\":\"ListItem\",\"position\":1,\"name\":\"Kezd\u0151lap\",\"item\":\"https:\/\/euroone.hu\/en\/\"},{\"@type\":\"ListItem\",\"position\":2,\"name\":\"Solutions\",\"item\":\"https:\/\/euroone.hu\/en\/solutions\/\"},{\"@type\":\"ListItem\",\"position\":3,\"name\":\"Development\",\"item\":\"https:\/\/euroone.hu\/en\/solutions\/development\/\"},{\"@type\":\"ListItem\",\"position\":4,\"name\":\"Customized software development\"}]},{\"@type\":\"WebSite\",\"@id\":\"https:\/\/euroone.hu\/#website\",\"url\":\"https:\/\/euroone.hu\/\",\"name\":\"Euroone\",\"description\":\"\",\"publisher\":{\"@id\":\"https:\/\/euroone.hu\/#organization\"},\"potentialAction\":[{\"@type\":\"SearchAction\",\"target\":{\"@type\":\"EntryPoint\",\"urlTemplate\":\"https:\/\/euroone.hu\/?s={search_term_string}\"},\"query-input\":{\"@type\":\"PropertyValueSpecification\",\"valueRequired\":true,\"valueName\":\"search_term_string\"}}],\"inLanguage\":\"en-US\"},{\"@type\":\"Organization\",\"@id\":\"https:\/\/euroone.hu\/#organization\",\"name\":\"Euroone\",\"url\":\"https:\/\/euroone.hu\/\",\"logo\":{\"@type\":\"ImageObject\",\"inLanguage\":\"en-US\",\"@id\":\"https:\/\/euroone.hu\/#\/schema\/logo\/image\/\",\"url\":\"https:\/\/euroone.hu\/wp-content\/uploads\/2024\/09\/EURO-ONE-szines-logo.png\",\"contentUrl\":\"https:\/\/euroone.hu\/wp-content\/uploads\/2024\/09\/EURO-ONE-szines-logo.png\",\"width\":741,\"height\":768,\"caption\":\"Euroone\"},\"image\":{\"@id\":\"https:\/\/euroone.hu\/#\/schema\/logo\/image\/\"},\"sameAs\":[\"https:\/\/www.facebook.com\/euroone\",\"https:\/\/www.linkedin.com\/company\/euro-one\/\",\"https:\/\/www.youtube.com\/@euroonezrt\"]}]}<\/script>\n<!-- \/ Yoast SEO plugin. -->","yoast_head_json":{"title":"Customized software development - EURO ONE","description":"Custom software development customized to your business processes, with experienced experts and modern technologies: .NET, Angular, Azure.","robots":{"index":"index","follow":"follow","max-snippet":"max-snippet:-1","max-image-preview":"max-image-preview:large","max-video-preview":"max-video-preview:-1"},"canonical":"https:\/\/euroone.hu\/en\/solutions\/development\/customized-software-development\/","og_locale":"en_US","og_type":"article","og_title":"Customized software development - EURO ONE","og_description":"Custom software development customized to your business processes, with experienced experts and modern technologies: .NET, Angular, Azure.","og_url":"https:\/\/euroone.hu\/en\/solutions\/development\/customized-software-development\/","og_site_name":"EURO ONE Sz\u00e1m\u00edt\u00e1stechnikai Zrt.","article_publisher":"https:\/\/www.facebook.com\/euroone","article_modified_time":"2024-09-30T10:59:59+00:00","twitter_card":"summary_large_image","twitter_misc":{"Est. reading time":"1 minute"},"schema":{"@context":"https:\/\/schema.org","@graph":[{"@type":"WebPage","@id":"https:\/\/euroone.hu\/en\/solutions\/development\/customized-software-development\/","url":"https:\/\/euroone.hu\/en\/solutions\/development\/customized-software-development\/","name":"Customized software development - EURO ONE","isPartOf":{"@id":"https:\/\/euroone.hu\/#website"},"primaryImageOfPage":{"@id":"https:\/\/euroone.hu\/en\/solutions\/development\/customized-software-development\/#primaryimage"},"image":{"@id":"https:\/\/euroone.hu\/en\/solutions\/development\/customized-software-development\/#primaryimage"},"thumbnailUrl":"https:\/\/euroone.hu\/wp-content\/uploads\/2024\/07\/egyedi-szoftverfejlesztes.svg","datePublished":"2024-05-22T09:11:15+00:00","dateModified":"2024-09-30T10:59:59+00:00","description":"Custom software development customized to your business processes, with experienced experts and modern technologies: .NET, Angular, Azure.","breadcrumb":{"@id":"https:\/\/euroone.hu\/en\/solutions\/development\/customized-software-development\/#breadcrumb"},"inLanguage":"en-US","potentialAction":[{"@type":"ReadAction","target":["https:\/\/euroone.hu\/en\/solutions\/development\/customized-software-development\/"]}]},{"@type":"ImageObject","inLanguage":"en-US","@id":"https:\/\/euroone.hu\/en\/solutions\/development\/customized-software-development\/#primaryimage","url":"https:\/\/euroone.hu\/wp-content\/uploads\/2024\/07\/egyedi-szoftverfejlesztes.svg","contentUrl":"https:\/\/euroone.hu\/wp-content\/uploads\/2024\/07\/egyedi-szoftverfejlesztes.svg"},{"@type":"BreadcrumbList","@id":"https:\/\/euroone.hu\/en\/solutions\/development\/customized-software-development\/#breadcrumb","itemListElement":[{"@type":"ListItem","position":1,"name":"Kezd\u0151lap","item":"https:\/\/euroone.hu\/en\/"},{"@type":"ListItem","position":2,"name":"Solutions","item":"https:\/\/euroone.hu\/en\/solutions\/"},{"@type":"ListItem","position":3,"name":"Development","item":"https:\/\/euroone.hu\/en\/solutions\/development\/"},{"@type":"ListItem","position":4,"name":"Customized software development"}]},{"@type":"WebSite","@id":"https:\/\/euroone.hu\/#website","url":"https:\/\/euroone.hu\/","name":"Euroone","description":"","publisher":{"@id":"https:\/\/euroone.hu\/#organization"},"potentialAction":[{"@type":"SearchAction","target":{"@type":"EntryPoint","urlTemplate":"https:\/\/euroone.hu\/?s={search_term_string}"},"query-input":{"@type":"PropertyValueSpecification","valueRequired":true,"valueName":"search_term_string"}}],"inLanguage":"en-US"},{"@type":"Organization","@id":"https:\/\/euroone.hu\/#organization","name":"Euroone","url":"https:\/\/euroone.hu\/","logo":{"@type":"ImageObject","inLanguage":"en-US","@id":"https:\/\/euroone.hu\/#\/schema\/logo\/image\/","url":"https:\/\/euroone.hu\/wp-content\/uploads\/2024\/09\/EURO-ONE-szines-logo.png","contentUrl":"https:\/\/euroone.hu\/wp-content\/uploads\/2024\/09\/EURO-ONE-szines-logo.png","width":741,"height":768,"caption":"Euroone"},"image":{"@id":"https:\/\/euroone.hu\/#\/schema\/logo\/image\/"},"sameAs":["https:\/\/www.facebook.com\/euroone","https:\/\/www.linkedin.com\/company\/euro-one\/","https:\/\/www.youtube.com\/@euroonezrt"]}]}},"_links":{"self":[{"href":"https:\/\/euroone.hu\/en\/wp-json\/wp\/v2\/pages\/543","targetHints":{"allow":["GET"]}}],"collection":[{"href":"https:\/\/euroone.hu\/en\/wp-json\/wp\/v2\/pages"}],"about":[{"href":"https:\/\/euroone.hu\/en\/wp-json\/wp\/v2\/types\/page"}],"author":[{"embeddable":true,"href":"https:\/\/euroone.hu\/en\/wp-json\/wp\/v2\/users\/1"}],"replies":[{"embeddable":true,"href":"https:\/\/euroone.hu\/en\/wp-json\/wp\/v2\/comments?post=543"}],"version-history":[{"count":4,"href":"https:\/\/euroone.hu\/en\/wp-json\/wp\/v2\/pages\/543\/revisions"}],"predecessor-version":[{"id":1157,"href":"https:\/\/euroone.hu\/en\/wp-json\/wp\/v2\/pages\/543\/revisions\/1157"}],"up":[{"embeddable":true,"href":"https:\/\/euroone.hu\/en\/wp-json\/wp\/v2\/pages\/540"}],"wp:featuredmedia":[{"embeddable":true,"href":"https:\/\/euroone.hu\/en\/wp-json\/wp\/v2\/media\/673"}],"wp:attachment":[{"href":"https:\/\/euroone.hu\/en\/wp-json\/wp\/v2\/media?parent=543"}],"curies":[{"name":"wp","href":"https:\/\/api.w.org\/{rel}","templated":true}]}}