{"id":344,"date":"2024-05-22T08:41:22","date_gmt":"2024-05-22T08:41:22","guid":{"rendered":"http:\/\/euroone.local\/modern-desktop\/"},"modified":"2024-09-30T12:43:43","modified_gmt":"2024-09-30T12:43:43","slug":"modern-desktop","status":"publish","type":"page","link":"https:\/\/euroone.hu\/en\/solutions\/datacenter-solutions\/modern-desktop\/","title":{"rendered":"Modern desktop"},"content":{"rendered":"\n<p>In addition to client-virtualization, our modern desktop services offer desktop solutions for both on-prem and Microsoft Azure environments.\u00a0These are a great way for companies to modernize their desktop infrastructure in order to make workflows more efficient, cost-efficient, and easier to manage.<\/p>\n","protected":false},"excerpt":{"rendered":"<p>In addition to client-virtualization, our modern desktop services offer desktop solutions for both on-prem and Microsoft Azure environments.\u00a0These are a great way for companies to modernize their desktop infrastructure in order to make workflows more efficient, cost-efficient, and easier to manage.<\/p>\n","protected":false},"author":1,"featured_media":661,"parent":345,"menu_order":300,"comment_status":"closed","ping_status":"closed","template":"template-parts\/page-solution-single.php","meta":{"_acf_changed":false,"footnotes":""},"class_list":["post-344","page","type-page","status-publish","has-post-thumbnail","hentry"],"acf":[],"yoast_head":"<!-- This site is optimized with the Yoast SEO plugin v26.8 - https:\/\/yoast.com\/product\/yoast-seo-wordpress\/ -->\n<title>Modern desktop - EURO ONE<\/title>\n<meta name=\"description\" content=\"Secure and cost-effective Azure Virtual Desktop solutions with flexible remote access and expert advice for a modern workplace.\" \/>\n<meta name=\"robots\" content=\"index, follow, max-snippet:-1, max-image-preview:large, max-video-preview:-1\" \/>\n<link rel=\"canonical\" href=\"https:\/\/euroone.hu\/megoldasaink\/adatkozponti-megoldasok\/modern-desktop\/\" \/>\n<meta property=\"og:locale\" content=\"en_US\" \/>\n<meta property=\"og:type\" content=\"article\" \/>\n<meta property=\"og:title\" content=\"Modern desktop - EURO ONE\" \/>\n<meta property=\"og:description\" content=\"Secure and cost-effective Azure Virtual Desktop solutions with flexible remote access and expert advice for a modern workplace.\" \/>\n<meta property=\"og:url\" content=\"https:\/\/euroone.hu\/megoldasaink\/adatkozponti-megoldasok\/modern-desktop\/\" \/>\n<meta property=\"og:site_name\" content=\"EURO ONE Sz\u00e1m\u00edt\u00e1stechnikai Zrt.\" \/>\n<meta property=\"article:publisher\" content=\"https:\/\/www.facebook.com\/euroone\" \/>\n<meta property=\"article:modified_time\" content=\"2024-09-30T12:43:43+00:00\" \/>\n<meta name=\"twitter:card\" content=\"summary_large_image\" \/>\n<meta name=\"twitter:label1\" content=\"Est. reading time\" \/>\n\t<meta name=\"twitter:data1\" content=\"1 minute\" \/>\n<script type=\"application\/ld+json\" class=\"yoast-schema-graph\">{\"@context\":\"https:\/\/schema.org\",\"@graph\":[{\"@type\":\"WebPage\",\"@id\":\"https:\/\/euroone.hu\/megoldasaink\/adatkozponti-megoldasok\/modern-desktop\/\",\"url\":\"https:\/\/euroone.hu\/megoldasaink\/adatkozponti-megoldasok\/modern-desktop\/\",\"name\":\"Modern desktop - EURO ONE\",\"isPartOf\":{\"@id\":\"https:\/\/euroone.hu\/#website\"},\"primaryImageOfPage\":{\"@id\":\"https:\/\/euroone.hu\/megoldasaink\/adatkozponti-megoldasok\/modern-desktop\/#primaryimage\"},\"image\":{\"@id\":\"https:\/\/euroone.hu\/megoldasaink\/adatkozponti-megoldasok\/modern-desktop\/#primaryimage\"},\"thumbnailUrl\":\"https:\/\/euroone.hu\/wp-content\/uploads\/2024\/07\/modern_desktop.svg\",\"datePublished\":\"2024-05-22T08:41:22+00:00\",\"dateModified\":\"2024-09-30T12:43:43+00:00\",\"description\":\"Secure and cost-effective Azure Virtual Desktop solutions with flexible remote access and expert advice for a modern workplace.\",\"breadcrumb\":{\"@id\":\"https:\/\/euroone.hu\/megoldasaink\/adatkozponti-megoldasok\/modern-desktop\/#breadcrumb\"},\"inLanguage\":\"en-US\",\"potentialAction\":[{\"@type\":\"ReadAction\",\"target\":[\"https:\/\/euroone.hu\/megoldasaink\/adatkozponti-megoldasok\/modern-desktop\/\"]}]},{\"@type\":\"ImageObject\",\"inLanguage\":\"en-US\",\"@id\":\"https:\/\/euroone.hu\/megoldasaink\/adatkozponti-megoldasok\/modern-desktop\/#primaryimage\",\"url\":\"https:\/\/euroone.hu\/wp-content\/uploads\/2024\/07\/modern_desktop.svg\",\"contentUrl\":\"https:\/\/euroone.hu\/wp-content\/uploads\/2024\/07\/modern_desktop.svg\"},{\"@type\":\"BreadcrumbList\",\"@id\":\"https:\/\/euroone.hu\/megoldasaink\/adatkozponti-megoldasok\/modern-desktop\/#breadcrumb\",\"itemListElement\":[{\"@type\":\"ListItem\",\"position\":1,\"name\":\"Kezd\u0151lap\",\"item\":\"https:\/\/euroone.hu\/en\/\"},{\"@type\":\"ListItem\",\"position\":2,\"name\":\"Solutions\",\"item\":\"https:\/\/euroone.hu\/en\/solutions\/\"},{\"@type\":\"ListItem\",\"position\":3,\"name\":\"Datacenter solutions\",\"item\":\"https:\/\/euroone.hu\/en\/solutions\/datacenter-solutions\/\"},{\"@type\":\"ListItem\",\"position\":4,\"name\":\"Modern desktop\"}]},{\"@type\":\"WebSite\",\"@id\":\"https:\/\/euroone.hu\/#website\",\"url\":\"https:\/\/euroone.hu\/\",\"name\":\"Euroone\",\"description\":\"\",\"publisher\":{\"@id\":\"https:\/\/euroone.hu\/#organization\"},\"potentialAction\":[{\"@type\":\"SearchAction\",\"target\":{\"@type\":\"EntryPoint\",\"urlTemplate\":\"https:\/\/euroone.hu\/?s={search_term_string}\"},\"query-input\":{\"@type\":\"PropertyValueSpecification\",\"valueRequired\":true,\"valueName\":\"search_term_string\"}}],\"inLanguage\":\"en-US\"},{\"@type\":\"Organization\",\"@id\":\"https:\/\/euroone.hu\/#organization\",\"name\":\"Euroone\",\"url\":\"https:\/\/euroone.hu\/\",\"logo\":{\"@type\":\"ImageObject\",\"inLanguage\":\"en-US\",\"@id\":\"https:\/\/euroone.hu\/#\/schema\/logo\/image\/\",\"url\":\"https:\/\/euroone.hu\/wp-content\/uploads\/2024\/09\/EURO-ONE-szines-logo.png\",\"contentUrl\":\"https:\/\/euroone.hu\/wp-content\/uploads\/2024\/09\/EURO-ONE-szines-logo.png\",\"width\":741,\"height\":768,\"caption\":\"Euroone\"},\"image\":{\"@id\":\"https:\/\/euroone.hu\/#\/schema\/logo\/image\/\"},\"sameAs\":[\"https:\/\/www.facebook.com\/euroone\",\"https:\/\/www.linkedin.com\/company\/euro-one\/\",\"https:\/\/www.youtube.com\/@euroonezrt\"]}]}<\/script>\n<!-- \/ Yoast SEO plugin. -->","yoast_head_json":{"title":"Modern desktop - EURO ONE","description":"Secure and cost-effective Azure Virtual Desktop solutions with flexible remote access and expert advice for a modern workplace.","robots":{"index":"index","follow":"follow","max-snippet":"max-snippet:-1","max-image-preview":"max-image-preview:large","max-video-preview":"max-video-preview:-1"},"canonical":"https:\/\/euroone.hu\/megoldasaink\/adatkozponti-megoldasok\/modern-desktop\/","og_locale":"en_US","og_type":"article","og_title":"Modern desktop - EURO ONE","og_description":"Secure and cost-effective Azure Virtual Desktop solutions with flexible remote access and expert advice for a modern workplace.","og_url":"https:\/\/euroone.hu\/megoldasaink\/adatkozponti-megoldasok\/modern-desktop\/","og_site_name":"EURO ONE Sz\u00e1m\u00edt\u00e1stechnikai Zrt.","article_publisher":"https:\/\/www.facebook.com\/euroone","article_modified_time":"2024-09-30T12:43:43+00:00","twitter_card":"summary_large_image","twitter_misc":{"Est. reading time":"1 minute"},"schema":{"@context":"https:\/\/schema.org","@graph":[{"@type":"WebPage","@id":"https:\/\/euroone.hu\/megoldasaink\/adatkozponti-megoldasok\/modern-desktop\/","url":"https:\/\/euroone.hu\/megoldasaink\/adatkozponti-megoldasok\/modern-desktop\/","name":"Modern desktop - EURO ONE","isPartOf":{"@id":"https:\/\/euroone.hu\/#website"},"primaryImageOfPage":{"@id":"https:\/\/euroone.hu\/megoldasaink\/adatkozponti-megoldasok\/modern-desktop\/#primaryimage"},"image":{"@id":"https:\/\/euroone.hu\/megoldasaink\/adatkozponti-megoldasok\/modern-desktop\/#primaryimage"},"thumbnailUrl":"https:\/\/euroone.hu\/wp-content\/uploads\/2024\/07\/modern_desktop.svg","datePublished":"2024-05-22T08:41:22+00:00","dateModified":"2024-09-30T12:43:43+00:00","description":"Secure and cost-effective Azure Virtual Desktop solutions with flexible remote access and expert advice for a modern workplace.","breadcrumb":{"@id":"https:\/\/euroone.hu\/megoldasaink\/adatkozponti-megoldasok\/modern-desktop\/#breadcrumb"},"inLanguage":"en-US","potentialAction":[{"@type":"ReadAction","target":["https:\/\/euroone.hu\/megoldasaink\/adatkozponti-megoldasok\/modern-desktop\/"]}]},{"@type":"ImageObject","inLanguage":"en-US","@id":"https:\/\/euroone.hu\/megoldasaink\/adatkozponti-megoldasok\/modern-desktop\/#primaryimage","url":"https:\/\/euroone.hu\/wp-content\/uploads\/2024\/07\/modern_desktop.svg","contentUrl":"https:\/\/euroone.hu\/wp-content\/uploads\/2024\/07\/modern_desktop.svg"},{"@type":"BreadcrumbList","@id":"https:\/\/euroone.hu\/megoldasaink\/adatkozponti-megoldasok\/modern-desktop\/#breadcrumb","itemListElement":[{"@type":"ListItem","position":1,"name":"Kezd\u0151lap","item":"https:\/\/euroone.hu\/en\/"},{"@type":"ListItem","position":2,"name":"Solutions","item":"https:\/\/euroone.hu\/en\/solutions\/"},{"@type":"ListItem","position":3,"name":"Datacenter solutions","item":"https:\/\/euroone.hu\/en\/solutions\/datacenter-solutions\/"},{"@type":"ListItem","position":4,"name":"Modern desktop"}]},{"@type":"WebSite","@id":"https:\/\/euroone.hu\/#website","url":"https:\/\/euroone.hu\/","name":"Euroone","description":"","publisher":{"@id":"https:\/\/euroone.hu\/#organization"},"potentialAction":[{"@type":"SearchAction","target":{"@type":"EntryPoint","urlTemplate":"https:\/\/euroone.hu\/?s={search_term_string}"},"query-input":{"@type":"PropertyValueSpecification","valueRequired":true,"valueName":"search_term_string"}}],"inLanguage":"en-US"},{"@type":"Organization","@id":"https:\/\/euroone.hu\/#organization","name":"Euroone","url":"https:\/\/euroone.hu\/","logo":{"@type":"ImageObject","inLanguage":"en-US","@id":"https:\/\/euroone.hu\/#\/schema\/logo\/image\/","url":"https:\/\/euroone.hu\/wp-content\/uploads\/2024\/09\/EURO-ONE-szines-logo.png","contentUrl":"https:\/\/euroone.hu\/wp-content\/uploads\/2024\/09\/EURO-ONE-szines-logo.png","width":741,"height":768,"caption":"Euroone"},"image":{"@id":"https:\/\/euroone.hu\/#\/schema\/logo\/image\/"},"sameAs":["https:\/\/www.facebook.com\/euroone","https:\/\/www.linkedin.com\/company\/euro-one\/","https:\/\/www.youtube.com\/@euroonezrt"]}]}},"_links":{"self":[{"href":"https:\/\/euroone.hu\/en\/wp-json\/wp\/v2\/pages\/344","targetHints":{"allow":["GET"]}}],"collection":[{"href":"https:\/\/euroone.hu\/en\/wp-json\/wp\/v2\/pages"}],"about":[{"href":"https:\/\/euroone.hu\/en\/wp-json\/wp\/v2\/types\/page"}],"author":[{"embeddable":true,"href":"https:\/\/euroone.hu\/en\/wp-json\/wp\/v2\/users\/1"}],"replies":[{"embeddable":true,"href":"https:\/\/euroone.hu\/en\/wp-json\/wp\/v2\/comments?post=344"}],"version-history":[{"count":4,"href":"https:\/\/euroone.hu\/en\/wp-json\/wp\/v2\/pages\/344\/revisions"}],"predecessor-version":[{"id":1173,"href":"https:\/\/euroone.hu\/en\/wp-json\/wp\/v2\/pages\/344\/revisions\/1173"}],"up":[{"embeddable":true,"href":"https:\/\/euroone.hu\/en\/wp-json\/wp\/v2\/pages\/345"}],"wp:featuredmedia":[{"embeddable":true,"href":"https:\/\/euroone.hu\/en\/wp-json\/wp\/v2\/media\/661"}],"wp:attachment":[{"href":"https:\/\/euroone.hu\/en\/wp-json\/wp\/v2\/media?parent=344"}],"curies":[{"name":"wp","href":"https:\/\/api.w.org\/{rel}","templated":true}]}}