{"id":343,"date":"2024-05-22T08:37:08","date_gmt":"2024-05-22T08:37:08","guid":{"rendered":"http:\/\/euroone.local\/modern-adatkozponti-megoldasok\/"},"modified":"2024-09-30T11:40:51","modified_gmt":"2024-09-30T11:40:51","slug":"modern-datacenter-solutions","status":"publish","type":"page","link":"https:\/\/euroone.hu\/en\/solutions\/datacenter-solutions\/modern-datacenter-solutions\/","title":{"rendered":"Modern datacenter solutions"},"content":{"rendered":"\n<p>Our modern datacenter solutions include virtualization, automation, containerization, all implemented using various tools such as VMware Tanzu, Red Hat OpenShift, HPE Ezmeral, and SuSe Rancher. In addition, we support our customers with software-defined storage solutions, centralized IT monitoring, storage optimization, and IT consulting, so they can benefit from the most modern data center systems.<\/p>\n","protected":false},"excerpt":{"rendered":"<p>Our modern datacenter solutions include virtualization, automation, containerization, all implemented using various tools such as VMware Tanzu, Red Hat OpenShift, HPE Ezmeral, and SuSe Rancher. In addition, we support our customers with software-defined storage solutions, centralized IT monitoring, storage optimization, and IT consulting, so they can benefit from the most modern data center systems.<\/p>\n","protected":false},"author":1,"featured_media":659,"parent":345,"menu_order":100,"comment_status":"closed","ping_status":"closed","template":"template-parts\/page-solution-single.php","meta":{"_acf_changed":false,"footnotes":""},"class_list":["post-343","page","type-page","status-publish","has-post-thumbnail","hentry"],"acf":[],"yoast_head":"<!-- This site is optimized with the Yoast SEO plugin v26.8 - https:\/\/yoast.com\/product\/yoast-seo-wordpress\/ -->\n<title>Modern datacenter solutions - EURO ONE<\/title>\n<meta name=\"description\" content=\"Modern data center solutions with virtualization, containerization and automation for flexible IT operations and efficiency.\" \/>\n<meta name=\"robots\" content=\"index, follow, max-snippet:-1, max-image-preview:large, max-video-preview:-1\" \/>\n<link rel=\"canonical\" href=\"https:\/\/euroone.hu\/megoldasaink\/adatkozponti-megoldasok\/modern-adatkozponti-megoldasok\/\" \/>\n<meta property=\"og:locale\" content=\"en_US\" \/>\n<meta property=\"og:type\" content=\"article\" \/>\n<meta property=\"og:title\" content=\"Modern datacenter solutions - EURO ONE\" \/>\n<meta property=\"og:description\" content=\"Modern data center solutions with virtualization, containerization and automation for flexible IT operations and efficiency.\" \/>\n<meta property=\"og:url\" content=\"https:\/\/euroone.hu\/megoldasaink\/adatkozponti-megoldasok\/modern-adatkozponti-megoldasok\/\" \/>\n<meta property=\"og:site_name\" content=\"EURO ONE Sz\u00e1m\u00edt\u00e1stechnikai Zrt.\" \/>\n<meta property=\"article:publisher\" content=\"https:\/\/www.facebook.com\/euroone\" \/>\n<meta property=\"article:modified_time\" content=\"2024-09-30T11:40:51+00:00\" \/>\n<meta name=\"twitter:card\" content=\"summary_large_image\" \/>\n<meta name=\"twitter:label1\" content=\"Est. reading time\" \/>\n\t<meta name=\"twitter:data1\" content=\"1 minute\" \/>\n<script type=\"application\/ld+json\" class=\"yoast-schema-graph\">{\"@context\":\"https:\/\/schema.org\",\"@graph\":[{\"@type\":\"WebPage\",\"@id\":\"https:\/\/euroone.hu\/megoldasaink\/adatkozponti-megoldasok\/modern-adatkozponti-megoldasok\/\",\"url\":\"https:\/\/euroone.hu\/megoldasaink\/adatkozponti-megoldasok\/modern-adatkozponti-megoldasok\/\",\"name\":\"Modern datacenter solutions - EURO ONE\",\"isPartOf\":{\"@id\":\"https:\/\/euroone.hu\/#website\"},\"primaryImageOfPage\":{\"@id\":\"https:\/\/euroone.hu\/megoldasaink\/adatkozponti-megoldasok\/modern-adatkozponti-megoldasok\/#primaryimage\"},\"image\":{\"@id\":\"https:\/\/euroone.hu\/megoldasaink\/adatkozponti-megoldasok\/modern-adatkozponti-megoldasok\/#primaryimage\"},\"thumbnailUrl\":\"https:\/\/euroone.hu\/wp-content\/uploads\/2024\/07\/modern_datacenter.svg\",\"datePublished\":\"2024-05-22T08:37:08+00:00\",\"dateModified\":\"2024-09-30T11:40:51+00:00\",\"description\":\"Modern data center solutions with virtualization, containerization and automation for flexible IT operations and efficiency.\",\"breadcrumb\":{\"@id\":\"https:\/\/euroone.hu\/megoldasaink\/adatkozponti-megoldasok\/modern-adatkozponti-megoldasok\/#breadcrumb\"},\"inLanguage\":\"en-US\",\"potentialAction\":[{\"@type\":\"ReadAction\",\"target\":[\"https:\/\/euroone.hu\/megoldasaink\/adatkozponti-megoldasok\/modern-adatkozponti-megoldasok\/\"]}]},{\"@type\":\"ImageObject\",\"inLanguage\":\"en-US\",\"@id\":\"https:\/\/euroone.hu\/megoldasaink\/adatkozponti-megoldasok\/modern-adatkozponti-megoldasok\/#primaryimage\",\"url\":\"https:\/\/euroone.hu\/wp-content\/uploads\/2024\/07\/modern_datacenter.svg\",\"contentUrl\":\"https:\/\/euroone.hu\/wp-content\/uploads\/2024\/07\/modern_datacenter.svg\"},{\"@type\":\"BreadcrumbList\",\"@id\":\"https:\/\/euroone.hu\/megoldasaink\/adatkozponti-megoldasok\/modern-adatkozponti-megoldasok\/#breadcrumb\",\"itemListElement\":[{\"@type\":\"ListItem\",\"position\":1,\"name\":\"Kezd\u0151lap\",\"item\":\"https:\/\/euroone.hu\/en\/\"},{\"@type\":\"ListItem\",\"position\":2,\"name\":\"Solutions\",\"item\":\"https:\/\/euroone.hu\/en\/solutions\/\"},{\"@type\":\"ListItem\",\"position\":3,\"name\":\"Datacenter solutions\",\"item\":\"https:\/\/euroone.hu\/en\/solutions\/datacenter-solutions\/\"},{\"@type\":\"ListItem\",\"position\":4,\"name\":\"Modern datacenter solutions\"}]},{\"@type\":\"WebSite\",\"@id\":\"https:\/\/euroone.hu\/#website\",\"url\":\"https:\/\/euroone.hu\/\",\"name\":\"Euroone\",\"description\":\"\",\"publisher\":{\"@id\":\"https:\/\/euroone.hu\/#organization\"},\"potentialAction\":[{\"@type\":\"SearchAction\",\"target\":{\"@type\":\"EntryPoint\",\"urlTemplate\":\"https:\/\/euroone.hu\/?s={search_term_string}\"},\"query-input\":{\"@type\":\"PropertyValueSpecification\",\"valueRequired\":true,\"valueName\":\"search_term_string\"}}],\"inLanguage\":\"en-US\"},{\"@type\":\"Organization\",\"@id\":\"https:\/\/euroone.hu\/#organization\",\"name\":\"Euroone\",\"url\":\"https:\/\/euroone.hu\/\",\"logo\":{\"@type\":\"ImageObject\",\"inLanguage\":\"en-US\",\"@id\":\"https:\/\/euroone.hu\/#\/schema\/logo\/image\/\",\"url\":\"https:\/\/euroone.hu\/wp-content\/uploads\/2024\/09\/EURO-ONE-szines-logo.png\",\"contentUrl\":\"https:\/\/euroone.hu\/wp-content\/uploads\/2024\/09\/EURO-ONE-szines-logo.png\",\"width\":741,\"height\":768,\"caption\":\"Euroone\"},\"image\":{\"@id\":\"https:\/\/euroone.hu\/#\/schema\/logo\/image\/\"},\"sameAs\":[\"https:\/\/www.facebook.com\/euroone\",\"https:\/\/www.linkedin.com\/company\/euro-one\/\",\"https:\/\/www.youtube.com\/@euroonezrt\"]}]}<\/script>\n<!-- \/ Yoast SEO plugin. -->","yoast_head_json":{"title":"Modern datacenter solutions - EURO ONE","description":"Modern data center solutions with virtualization, containerization and automation for flexible IT operations and efficiency.","robots":{"index":"index","follow":"follow","max-snippet":"max-snippet:-1","max-image-preview":"max-image-preview:large","max-video-preview":"max-video-preview:-1"},"canonical":"https:\/\/euroone.hu\/megoldasaink\/adatkozponti-megoldasok\/modern-adatkozponti-megoldasok\/","og_locale":"en_US","og_type":"article","og_title":"Modern datacenter solutions - EURO ONE","og_description":"Modern data center solutions with virtualization, containerization and automation for flexible IT operations and efficiency.","og_url":"https:\/\/euroone.hu\/megoldasaink\/adatkozponti-megoldasok\/modern-adatkozponti-megoldasok\/","og_site_name":"EURO ONE Sz\u00e1m\u00edt\u00e1stechnikai Zrt.","article_publisher":"https:\/\/www.facebook.com\/euroone","article_modified_time":"2024-09-30T11:40:51+00:00","twitter_card":"summary_large_image","twitter_misc":{"Est. reading time":"1 minute"},"schema":{"@context":"https:\/\/schema.org","@graph":[{"@type":"WebPage","@id":"https:\/\/euroone.hu\/megoldasaink\/adatkozponti-megoldasok\/modern-adatkozponti-megoldasok\/","url":"https:\/\/euroone.hu\/megoldasaink\/adatkozponti-megoldasok\/modern-adatkozponti-megoldasok\/","name":"Modern datacenter solutions - EURO ONE","isPartOf":{"@id":"https:\/\/euroone.hu\/#website"},"primaryImageOfPage":{"@id":"https:\/\/euroone.hu\/megoldasaink\/adatkozponti-megoldasok\/modern-adatkozponti-megoldasok\/#primaryimage"},"image":{"@id":"https:\/\/euroone.hu\/megoldasaink\/adatkozponti-megoldasok\/modern-adatkozponti-megoldasok\/#primaryimage"},"thumbnailUrl":"https:\/\/euroone.hu\/wp-content\/uploads\/2024\/07\/modern_datacenter.svg","datePublished":"2024-05-22T08:37:08+00:00","dateModified":"2024-09-30T11:40:51+00:00","description":"Modern data center solutions with virtualization, containerization and automation for flexible IT operations and efficiency.","breadcrumb":{"@id":"https:\/\/euroone.hu\/megoldasaink\/adatkozponti-megoldasok\/modern-adatkozponti-megoldasok\/#breadcrumb"},"inLanguage":"en-US","potentialAction":[{"@type":"ReadAction","target":["https:\/\/euroone.hu\/megoldasaink\/adatkozponti-megoldasok\/modern-adatkozponti-megoldasok\/"]}]},{"@type":"ImageObject","inLanguage":"en-US","@id":"https:\/\/euroone.hu\/megoldasaink\/adatkozponti-megoldasok\/modern-adatkozponti-megoldasok\/#primaryimage","url":"https:\/\/euroone.hu\/wp-content\/uploads\/2024\/07\/modern_datacenter.svg","contentUrl":"https:\/\/euroone.hu\/wp-content\/uploads\/2024\/07\/modern_datacenter.svg"},{"@type":"BreadcrumbList","@id":"https:\/\/euroone.hu\/megoldasaink\/adatkozponti-megoldasok\/modern-adatkozponti-megoldasok\/#breadcrumb","itemListElement":[{"@type":"ListItem","position":1,"name":"Kezd\u0151lap","item":"https:\/\/euroone.hu\/en\/"},{"@type":"ListItem","position":2,"name":"Solutions","item":"https:\/\/euroone.hu\/en\/solutions\/"},{"@type":"ListItem","position":3,"name":"Datacenter solutions","item":"https:\/\/euroone.hu\/en\/solutions\/datacenter-solutions\/"},{"@type":"ListItem","position":4,"name":"Modern datacenter solutions"}]},{"@type":"WebSite","@id":"https:\/\/euroone.hu\/#website","url":"https:\/\/euroone.hu\/","name":"Euroone","description":"","publisher":{"@id":"https:\/\/euroone.hu\/#organization"},"potentialAction":[{"@type":"SearchAction","target":{"@type":"EntryPoint","urlTemplate":"https:\/\/euroone.hu\/?s={search_term_string}"},"query-input":{"@type":"PropertyValueSpecification","valueRequired":true,"valueName":"search_term_string"}}],"inLanguage":"en-US"},{"@type":"Organization","@id":"https:\/\/euroone.hu\/#organization","name":"Euroone","url":"https:\/\/euroone.hu\/","logo":{"@type":"ImageObject","inLanguage":"en-US","@id":"https:\/\/euroone.hu\/#\/schema\/logo\/image\/","url":"https:\/\/euroone.hu\/wp-content\/uploads\/2024\/09\/EURO-ONE-szines-logo.png","contentUrl":"https:\/\/euroone.hu\/wp-content\/uploads\/2024\/09\/EURO-ONE-szines-logo.png","width":741,"height":768,"caption":"Euroone"},"image":{"@id":"https:\/\/euroone.hu\/#\/schema\/logo\/image\/"},"sameAs":["https:\/\/www.facebook.com\/euroone","https:\/\/www.linkedin.com\/company\/euro-one\/","https:\/\/www.youtube.com\/@euroonezrt"]}]}},"_links":{"self":[{"href":"https:\/\/euroone.hu\/en\/wp-json\/wp\/v2\/pages\/343","targetHints":{"allow":["GET"]}}],"collection":[{"href":"https:\/\/euroone.hu\/en\/wp-json\/wp\/v2\/pages"}],"about":[{"href":"https:\/\/euroone.hu\/en\/wp-json\/wp\/v2\/types\/page"}],"author":[{"embeddable":true,"href":"https:\/\/euroone.hu\/en\/wp-json\/wp\/v2\/users\/1"}],"replies":[{"embeddable":true,"href":"https:\/\/euroone.hu\/en\/wp-json\/wp\/v2\/comments?post=343"}],"version-history":[{"count":7,"href":"https:\/\/euroone.hu\/en\/wp-json\/wp\/v2\/pages\/343\/revisions"}],"predecessor-version":[{"id":1169,"href":"https:\/\/euroone.hu\/en\/wp-json\/wp\/v2\/pages\/343\/revisions\/1169"}],"up":[{"embeddable":true,"href":"https:\/\/euroone.hu\/en\/wp-json\/wp\/v2\/pages\/345"}],"wp:featuredmedia":[{"embeddable":true,"href":"https:\/\/euroone.hu\/en\/wp-json\/wp\/v2\/media\/659"}],"wp:attachment":[{"href":"https:\/\/euroone.hu\/en\/wp-json\/wp\/v2\/media?parent=343"}],"curies":[{"name":"wp","href":"https:\/\/api.w.org\/{rel}","templated":true}]}}