{"id":323,"date":"2024-05-22T07:25:27","date_gmt":"2024-05-22T06:25:27","guid":{"rendered":"http:\/\/euroone.local\/impresszum\/"},"modified":"2026-03-16T10:29:01","modified_gmt":"2026-03-16T09:29:01","slug":"imprint","status":"publish","type":"page","link":"https:\/\/euroone.hu\/en\/imprint\/","title":{"rendered":"Imprint"},"content":{"rendered":"\n<p>EURO ONE Sz\u00e1m\u00edt\u00e1stechnikai Zrt.<br>Headquarters: 1145 Budapest, \u00dajvil\u00e1g u. 50-52.<br>Phone: <a href=\"tel:3613586350\">+ 36 1 358 6350<\/a><br>Service: <a href=\"tel:3613586333\">+ 36 1 358 6333<\/a><br>Finance: <a href=\"tel:3613586340\">+ 36 1 358 6340<\/a><br>Email: <a href=\"mailto:info@euroone.hu\" target=\"_blank\" rel=\"noreferrer noopener\">info@euroone.hu<\/a><br><br>Bank account numbers:<br>UniCredit Bank HUF &#8211; HU77 10918001-00000057-22480051<br>UniCredit Bank EUR &#8211; HU72 10918001-00000057-22480044<br>UniCredit Bank USD &#8211; HU12 10918001-00000057-22480154<br><br>VAT No: 10649297-2-44<br>Company registry No: 01 10 041733<br>Company registry date: 1991. november 29.<br>Court of Registration: F\u0151v\u00e1rosi T\u00f6rv\u00e9nysz\u00e9k C\u00e9gb\u00edr\u00f3s\u00e1ga<br><br>Subsidiary company name: SOCWISE Kft.<br>Headquarters: 1149 Budapest, R\u00f3na utca 120-122.<br>Phone: <a href=\"tel:36309627597\">+36 30 962 7597<\/a><br>E-mail:\u00a0<a href=\"mailto:socwise@socwise.eu\">socwise@socwise.eu<\/a><br>Website:\u00a0<a href=\"http:\/\/www.socwise.eu\/\">www.socwise.eu<\/a><br><br>Name of international subsidiary: SOCWISE International GmbH<br>Headquarters: 8. M\u00fcnchner Str, Unterf\u00f6hring, Kreis M\u00fcnchen 85774 Germany<br>Phone: <a href=\"tel:%204915152534522\">+49 151 5253 4522<\/a><\/p>\n\n\n\n<p><strong>Hosting provider:<\/strong> 1132 Budapest, Victor Hugo utca 11. 5. em. B05001.<br>VAT No 32056842-2-41<br>Web: <a href=\"https:\/\/eur02.safelinks.protection.outlook.com\/?url=https%3A%2F%2Frackforest.com%2F&amp;data=05%7C01%7CDobay.Ivett%40euroone.hu%7C4ae79252384142bd280a08dbbd9f8b5c%7Cc426c00141674eb589a121f3df301f2e%7C0%7C0%7C638312265177517534%7CUnknown%7CTWFpbGZsb3d8eyJWIjoiMC4wLjAwMDAiLCJQIjoiV2luMzIiLCJBTiI6Ik1haWwiLCJXVCI6Mn0%3D%7C3000%7C%7C%7C&amp;sdata=%2Fxxr%2Bo4YCAsoYBEWEIEdI%2BdAE8echNGGYY2XrfQ9bys%3D&amp;reserved=0\">https:\/\/rackforest.com\/<\/a><br>Contact: 1132 Budapest, Victor Hugo utca 11. 5. em. B05001.<\/p>\n","protected":false},"excerpt":{"rendered":"<p>EURO ONE Sz\u00e1m\u00edt\u00e1stechnikai Zrt.Headquarters: 1145 Budapest, \u00dajvil\u00e1g u. 50-52.Phone: + 36 1 358 6350Service: + 36 1 358 6333Finance: + 36 1 358 6340Email: info@euroone.hu Bank account numbers:UniCredit Bank HUF &#8211; HU77 10918001-00000057-22480051UniCredit Bank EUR &#8211; HU72 10918001-00000057-22480044UniCredit Bank USD &#8211; HU12 10918001-00000057-22480154 VAT No: 10649297-2-44Company registry No: 01 10 041733Company registry date: 1991. november [&hellip;]<\/p>\n","protected":false},"author":1,"featured_media":0,"parent":0,"menu_order":0,"comment_status":"closed","ping_status":"closed","template":"template-parts\/page-general.php","meta":{"_acf_changed":false,"footnotes":""},"class_list":["post-323","page","type-page","status-publish","hentry"],"acf":[],"yoast_head":"<!-- This site is optimized with the Yoast SEO plugin v26.8 - https:\/\/yoast.com\/product\/yoast-seo-wordpress\/ -->\n<title>Imprint of EURO ONE Computer Systems Plc<\/title>\n<meta name=\"description\" content=\"See our imprint for basic information about EURO ONE Computer Systems Plc: bank account numbers, headquarters, phone numbers, email, tax ID.\" \/>\n<meta name=\"robots\" content=\"index, follow, max-snippet:-1, max-image-preview:large, max-video-preview:-1\" \/>\n<link rel=\"canonical\" href=\"https:\/\/euroone.hu\/en\/imprint\/\" \/>\n<meta property=\"og:locale\" content=\"en_US\" \/>\n<meta property=\"og:type\" content=\"article\" \/>\n<meta property=\"og:title\" content=\"Imprint of EURO ONE Computer Systems Plc\" \/>\n<meta property=\"og:description\" content=\"See our imprint for basic information about EURO ONE Computer Systems Plc: bank account numbers, headquarters, phone numbers, email, tax ID.\" \/>\n<meta property=\"og:url\" content=\"https:\/\/euroone.hu\/en\/imprint\/\" \/>\n<meta property=\"og:site_name\" content=\"EURO ONE Sz\u00e1m\u00edt\u00e1stechnikai Zrt.\" \/>\n<meta property=\"article:publisher\" content=\"https:\/\/www.facebook.com\/euroone\" \/>\n<meta property=\"article:modified_time\" content=\"2026-03-16T09:29:01+00:00\" \/>\n<meta name=\"twitter:card\" content=\"summary_large_image\" \/>\n<meta name=\"twitter:label1\" content=\"Est. reading time\" \/>\n\t<meta name=\"twitter:data1\" content=\"1 minute\" \/>\n<script type=\"application\/ld+json\" class=\"yoast-schema-graph\">{\"@context\":\"https:\/\/schema.org\",\"@graph\":[{\"@type\":\"WebPage\",\"@id\":\"https:\/\/euroone.hu\/en\/imprint\/\",\"url\":\"https:\/\/euroone.hu\/en\/imprint\/\",\"name\":\"Imprint of EURO ONE Computer Systems Plc\",\"isPartOf\":{\"@id\":\"https:\/\/euroone.hu\/#website\"},\"datePublished\":\"2024-05-22T06:25:27+00:00\",\"dateModified\":\"2026-03-16T09:29:01+00:00\",\"description\":\"See our imprint for basic information about EURO ONE Computer Systems Plc: bank account numbers, headquarters, phone numbers, email, tax ID.\",\"breadcrumb\":{\"@id\":\"https:\/\/euroone.hu\/en\/imprint\/#breadcrumb\"},\"inLanguage\":\"en-US\",\"potentialAction\":[{\"@type\":\"ReadAction\",\"target\":[\"https:\/\/euroone.hu\/en\/imprint\/\"]}]},{\"@type\":\"BreadcrumbList\",\"@id\":\"https:\/\/euroone.hu\/en\/imprint\/#breadcrumb\",\"itemListElement\":[{\"@type\":\"ListItem\",\"position\":1,\"name\":\"Kezd\u0151lap\",\"item\":\"https:\/\/euroone.hu\/en\/\"},{\"@type\":\"ListItem\",\"position\":2,\"name\":\"Imprint\"}]},{\"@type\":\"WebSite\",\"@id\":\"https:\/\/euroone.hu\/#website\",\"url\":\"https:\/\/euroone.hu\/\",\"name\":\"Euroone\",\"description\":\"\",\"publisher\":{\"@id\":\"https:\/\/euroone.hu\/#organization\"},\"potentialAction\":[{\"@type\":\"SearchAction\",\"target\":{\"@type\":\"EntryPoint\",\"urlTemplate\":\"https:\/\/euroone.hu\/?s={search_term_string}\"},\"query-input\":{\"@type\":\"PropertyValueSpecification\",\"valueRequired\":true,\"valueName\":\"search_term_string\"}}],\"inLanguage\":\"en-US\"},{\"@type\":\"Organization\",\"@id\":\"https:\/\/euroone.hu\/#organization\",\"name\":\"Euroone\",\"url\":\"https:\/\/euroone.hu\/\",\"logo\":{\"@type\":\"ImageObject\",\"inLanguage\":\"en-US\",\"@id\":\"https:\/\/euroone.hu\/#\/schema\/logo\/image\/\",\"url\":\"https:\/\/euroone.hu\/wp-content\/uploads\/2024\/09\/EURO-ONE-szines-logo.png\",\"contentUrl\":\"https:\/\/euroone.hu\/wp-content\/uploads\/2024\/09\/EURO-ONE-szines-logo.png\",\"width\":741,\"height\":768,\"caption\":\"Euroone\"},\"image\":{\"@id\":\"https:\/\/euroone.hu\/#\/schema\/logo\/image\/\"},\"sameAs\":[\"https:\/\/www.facebook.com\/euroone\",\"https:\/\/www.linkedin.com\/company\/euro-one\/\",\"https:\/\/www.youtube.com\/@euroonezrt\"]}]}<\/script>\n<!-- \/ Yoast SEO plugin. -->","yoast_head_json":{"title":"Imprint of EURO ONE Computer Systems Plc","description":"See our imprint for basic information about EURO ONE Computer Systems Plc: bank account numbers, headquarters, phone numbers, email, tax ID.","robots":{"index":"index","follow":"follow","max-snippet":"max-snippet:-1","max-image-preview":"max-image-preview:large","max-video-preview":"max-video-preview:-1"},"canonical":"https:\/\/euroone.hu\/en\/imprint\/","og_locale":"en_US","og_type":"article","og_title":"Imprint of EURO ONE Computer Systems Plc","og_description":"See our imprint for basic information about EURO ONE Computer Systems Plc: bank account numbers, headquarters, phone numbers, email, tax ID.","og_url":"https:\/\/euroone.hu\/en\/imprint\/","og_site_name":"EURO ONE Sz\u00e1m\u00edt\u00e1stechnikai Zrt.","article_publisher":"https:\/\/www.facebook.com\/euroone","article_modified_time":"2026-03-16T09:29:01+00:00","twitter_card":"summary_large_image","twitter_misc":{"Est. reading time":"1 minute"},"schema":{"@context":"https:\/\/schema.org","@graph":[{"@type":"WebPage","@id":"https:\/\/euroone.hu\/en\/imprint\/","url":"https:\/\/euroone.hu\/en\/imprint\/","name":"Imprint of EURO ONE Computer Systems Plc","isPartOf":{"@id":"https:\/\/euroone.hu\/#website"},"datePublished":"2024-05-22T06:25:27+00:00","dateModified":"2026-03-16T09:29:01+00:00","description":"See our imprint for basic information about EURO ONE Computer Systems Plc: bank account numbers, headquarters, phone numbers, email, tax ID.","breadcrumb":{"@id":"https:\/\/euroone.hu\/en\/imprint\/#breadcrumb"},"inLanguage":"en-US","potentialAction":[{"@type":"ReadAction","target":["https:\/\/euroone.hu\/en\/imprint\/"]}]},{"@type":"BreadcrumbList","@id":"https:\/\/euroone.hu\/en\/imprint\/#breadcrumb","itemListElement":[{"@type":"ListItem","position":1,"name":"Kezd\u0151lap","item":"https:\/\/euroone.hu\/en\/"},{"@type":"ListItem","position":2,"name":"Imprint"}]},{"@type":"WebSite","@id":"https:\/\/euroone.hu\/#website","url":"https:\/\/euroone.hu\/","name":"Euroone","description":"","publisher":{"@id":"https:\/\/euroone.hu\/#organization"},"potentialAction":[{"@type":"SearchAction","target":{"@type":"EntryPoint","urlTemplate":"https:\/\/euroone.hu\/?s={search_term_string}"},"query-input":{"@type":"PropertyValueSpecification","valueRequired":true,"valueName":"search_term_string"}}],"inLanguage":"en-US"},{"@type":"Organization","@id":"https:\/\/euroone.hu\/#organization","name":"Euroone","url":"https:\/\/euroone.hu\/","logo":{"@type":"ImageObject","inLanguage":"en-US","@id":"https:\/\/euroone.hu\/#\/schema\/logo\/image\/","url":"https:\/\/euroone.hu\/wp-content\/uploads\/2024\/09\/EURO-ONE-szines-logo.png","contentUrl":"https:\/\/euroone.hu\/wp-content\/uploads\/2024\/09\/EURO-ONE-szines-logo.png","width":741,"height":768,"caption":"Euroone"},"image":{"@id":"https:\/\/euroone.hu\/#\/schema\/logo\/image\/"},"sameAs":["https:\/\/www.facebook.com\/euroone","https:\/\/www.linkedin.com\/company\/euro-one\/","https:\/\/www.youtube.com\/@euroonezrt"]}]}},"_links":{"self":[{"href":"https:\/\/euroone.hu\/en\/wp-json\/wp\/v2\/pages\/323","targetHints":{"allow":["GET"]}}],"collection":[{"href":"https:\/\/euroone.hu\/en\/wp-json\/wp\/v2\/pages"}],"about":[{"href":"https:\/\/euroone.hu\/en\/wp-json\/wp\/v2\/types\/page"}],"author":[{"embeddable":true,"href":"https:\/\/euroone.hu\/en\/wp-json\/wp\/v2\/users\/1"}],"replies":[{"embeddable":true,"href":"https:\/\/euroone.hu\/en\/wp-json\/wp\/v2\/comments?post=323"}],"version-history":[{"count":8,"href":"https:\/\/euroone.hu\/en\/wp-json\/wp\/v2\/pages\/323\/revisions"}],"predecessor-version":[{"id":4250,"href":"https:\/\/euroone.hu\/en\/wp-json\/wp\/v2\/pages\/323\/revisions\/4250"}],"wp:attachment":[{"href":"https:\/\/euroone.hu\/en\/wp-json\/wp\/v2\/media?parent=323"}],"curies":[{"name":"wp","href":"https:\/\/api.w.org\/{rel}","templated":true}]}}