{"id":1143,"date":"2024-09-30T10:06:09","date_gmt":"2024-09-30T10:06:09","guid":{"rendered":"https:\/\/euroone.usernet.hu\/solutions\/information-and-network-security\/identity-management-system-idm-2\/"},"modified":"2024-10-04T08:27:13","modified_gmt":"2024-10-04T08:27:13","slug":"identity-management-system-idm","status":"publish","type":"page","link":"https:\/\/euroone.hu\/en\/solutions\/information-and-network-security\/identity-management-system-idm\/","title":{"rendered":"Identity Management System (IDM)"},"content":{"rendered":"\n<p>Proper management of user identities and authorisations is crucial for companies in the digital world. Unauthorised access can have serious consequences, jeopardising the company&#8217;s confidential data and operations. Due to the constantly changing technological environment and increasing security threats, it has become vital to introduce new solutions that can be used to minimise risks and guarantee data protection.  <\/p>\n","protected":false},"excerpt":{"rendered":"<p>Proper management of user identities and authorisations is crucial for companies in the digital world. Unauthorised access can have serious consequences, jeopardising the company&#8217;s confidential data and operations. Due to the constantly changing technological environment and increasing security threats, it has become vital to introduce new solutions that can be used to minimise risks and [&hellip;]<\/p>\n","protected":false},"author":3,"featured_media":1214,"parent":797,"menu_order":0,"comment_status":"closed","ping_status":"closed","template":"template-parts\/page-solution-single.php","meta":{"_acf_changed":false,"footnotes":""},"class_list":["post-1143","page","type-page","status-publish","has-post-thumbnail","hentry"],"acf":[],"yoast_head":"<!-- This site is optimized with the Yoast SEO plugin v26.8 - https:\/\/yoast.com\/product\/yoast-seo-wordpress\/ -->\n<title>Identity Management System (IDM) - EURO ONE Sz\u00e1m\u00edt\u00e1stechnikai Zrt.<\/title>\n<meta name=\"description\" content=\"Secure and efficient Identity Management solutions for privilege management with automation and regulatory compliance.\" \/>\n<meta name=\"robots\" content=\"index, follow, max-snippet:-1, max-image-preview:large, max-video-preview:-1\" \/>\n<link rel=\"canonical\" href=\"https:\/\/euroone.hu\/en\/solutions\/information-and-network-security\/identity-management-system-idm\/\" \/>\n<meta property=\"og:locale\" content=\"en_US\" \/>\n<meta property=\"og:type\" content=\"article\" \/>\n<meta property=\"og:title\" content=\"Identity Management System (IDM) - EURO ONE Sz\u00e1m\u00edt\u00e1stechnikai Zrt.\" \/>\n<meta property=\"og:description\" content=\"Secure and efficient Identity Management solutions for privilege management with automation and regulatory compliance.\" \/>\n<meta property=\"og:url\" content=\"https:\/\/euroone.hu\/en\/solutions\/information-and-network-security\/identity-management-system-idm\/\" \/>\n<meta property=\"og:site_name\" content=\"EURO ONE Sz\u00e1m\u00edt\u00e1stechnikai Zrt.\" \/>\n<meta property=\"article:publisher\" content=\"https:\/\/www.facebook.com\/euroone\" \/>\n<meta property=\"article:modified_time\" content=\"2024-10-04T08:27:13+00:00\" \/>\n<meta name=\"twitter:card\" content=\"summary_large_image\" \/>\n<meta name=\"twitter:label1\" content=\"Est. reading time\" \/>\n\t<meta name=\"twitter:data1\" content=\"1 minute\" \/>\n<script type=\"application\/ld+json\" class=\"yoast-schema-graph\">{\"@context\":\"https:\/\/schema.org\",\"@graph\":[{\"@type\":\"WebPage\",\"@id\":\"https:\/\/euroone.hu\/en\/solutions\/information-and-network-security\/identity-management-system-idm\/\",\"url\":\"https:\/\/euroone.hu\/en\/solutions\/information-and-network-security\/identity-management-system-idm\/\",\"name\":\"Identity Management System (IDM) - EURO ONE Sz\u00e1m\u00edt\u00e1stechnikai Zrt.\",\"isPartOf\":{\"@id\":\"https:\/\/euroone.hu\/#website\"},\"primaryImageOfPage\":{\"@id\":\"https:\/\/euroone.hu\/en\/solutions\/information-and-network-security\/identity-management-system-idm\/#primaryimage\"},\"image\":{\"@id\":\"https:\/\/euroone.hu\/en\/solutions\/information-and-network-security\/identity-management-system-idm\/#primaryimage\"},\"thumbnailUrl\":\"https:\/\/euroone.hu\/wp-content\/uploads\/2024\/10\/IDM.svg\",\"datePublished\":\"2024-09-30T10:06:09+00:00\",\"dateModified\":\"2024-10-04T08:27:13+00:00\",\"description\":\"Secure and efficient Identity Management solutions for privilege management with automation and regulatory compliance.\",\"breadcrumb\":{\"@id\":\"https:\/\/euroone.hu\/en\/solutions\/information-and-network-security\/identity-management-system-idm\/#breadcrumb\"},\"inLanguage\":\"en-US\",\"potentialAction\":[{\"@type\":\"ReadAction\",\"target\":[\"https:\/\/euroone.hu\/en\/solutions\/information-and-network-security\/identity-management-system-idm\/\"]}]},{\"@type\":\"ImageObject\",\"inLanguage\":\"en-US\",\"@id\":\"https:\/\/euroone.hu\/en\/solutions\/information-and-network-security\/identity-management-system-idm\/#primaryimage\",\"url\":\"https:\/\/euroone.hu\/wp-content\/uploads\/2024\/10\/IDM.svg\",\"contentUrl\":\"https:\/\/euroone.hu\/wp-content\/uploads\/2024\/10\/IDM.svg\"},{\"@type\":\"BreadcrumbList\",\"@id\":\"https:\/\/euroone.hu\/en\/solutions\/information-and-network-security\/identity-management-system-idm\/#breadcrumb\",\"itemListElement\":[{\"@type\":\"ListItem\",\"position\":1,\"name\":\"Kezd\u0151lap\",\"item\":\"https:\/\/euroone.hu\/en\/\"},{\"@type\":\"ListItem\",\"position\":2,\"name\":\"Solutions\",\"item\":\"https:\/\/euroone.hu\/en\/solutions\/\"},{\"@type\":\"ListItem\",\"position\":3,\"name\":\"Information and network security\",\"item\":\"https:\/\/euroone.hu\/en\/solutions\/information-and-network-security\/\"},{\"@type\":\"ListItem\",\"position\":4,\"name\":\"Identity Management System (IDM)\"}]},{\"@type\":\"WebSite\",\"@id\":\"https:\/\/euroone.hu\/#website\",\"url\":\"https:\/\/euroone.hu\/\",\"name\":\"Euroone\",\"description\":\"\",\"publisher\":{\"@id\":\"https:\/\/euroone.hu\/#organization\"},\"potentialAction\":[{\"@type\":\"SearchAction\",\"target\":{\"@type\":\"EntryPoint\",\"urlTemplate\":\"https:\/\/euroone.hu\/?s={search_term_string}\"},\"query-input\":{\"@type\":\"PropertyValueSpecification\",\"valueRequired\":true,\"valueName\":\"search_term_string\"}}],\"inLanguage\":\"en-US\"},{\"@type\":\"Organization\",\"@id\":\"https:\/\/euroone.hu\/#organization\",\"name\":\"Euroone\",\"url\":\"https:\/\/euroone.hu\/\",\"logo\":{\"@type\":\"ImageObject\",\"inLanguage\":\"en-US\",\"@id\":\"https:\/\/euroone.hu\/#\/schema\/logo\/image\/\",\"url\":\"https:\/\/euroone.hu\/wp-content\/uploads\/2024\/09\/EURO-ONE-szines-logo.png\",\"contentUrl\":\"https:\/\/euroone.hu\/wp-content\/uploads\/2024\/09\/EURO-ONE-szines-logo.png\",\"width\":741,\"height\":768,\"caption\":\"Euroone\"},\"image\":{\"@id\":\"https:\/\/euroone.hu\/#\/schema\/logo\/image\/\"},\"sameAs\":[\"https:\/\/www.facebook.com\/euroone\",\"https:\/\/www.linkedin.com\/company\/euro-one\/\",\"https:\/\/www.youtube.com\/@euroonezrt\"]}]}<\/script>\n<!-- \/ Yoast SEO plugin. -->","yoast_head_json":{"title":"Identity Management System (IDM) - EURO ONE Sz\u00e1m\u00edt\u00e1stechnikai Zrt.","description":"Secure and efficient Identity Management solutions for privilege management with automation and regulatory compliance.","robots":{"index":"index","follow":"follow","max-snippet":"max-snippet:-1","max-image-preview":"max-image-preview:large","max-video-preview":"max-video-preview:-1"},"canonical":"https:\/\/euroone.hu\/en\/solutions\/information-and-network-security\/identity-management-system-idm\/","og_locale":"en_US","og_type":"article","og_title":"Identity Management System (IDM) - EURO ONE Sz\u00e1m\u00edt\u00e1stechnikai Zrt.","og_description":"Secure and efficient Identity Management solutions for privilege management with automation and regulatory compliance.","og_url":"https:\/\/euroone.hu\/en\/solutions\/information-and-network-security\/identity-management-system-idm\/","og_site_name":"EURO ONE Sz\u00e1m\u00edt\u00e1stechnikai Zrt.","article_publisher":"https:\/\/www.facebook.com\/euroone","article_modified_time":"2024-10-04T08:27:13+00:00","twitter_card":"summary_large_image","twitter_misc":{"Est. reading time":"1 minute"},"schema":{"@context":"https:\/\/schema.org","@graph":[{"@type":"WebPage","@id":"https:\/\/euroone.hu\/en\/solutions\/information-and-network-security\/identity-management-system-idm\/","url":"https:\/\/euroone.hu\/en\/solutions\/information-and-network-security\/identity-management-system-idm\/","name":"Identity Management System (IDM) - EURO ONE Sz\u00e1m\u00edt\u00e1stechnikai Zrt.","isPartOf":{"@id":"https:\/\/euroone.hu\/#website"},"primaryImageOfPage":{"@id":"https:\/\/euroone.hu\/en\/solutions\/information-and-network-security\/identity-management-system-idm\/#primaryimage"},"image":{"@id":"https:\/\/euroone.hu\/en\/solutions\/information-and-network-security\/identity-management-system-idm\/#primaryimage"},"thumbnailUrl":"https:\/\/euroone.hu\/wp-content\/uploads\/2024\/10\/IDM.svg","datePublished":"2024-09-30T10:06:09+00:00","dateModified":"2024-10-04T08:27:13+00:00","description":"Secure and efficient Identity Management solutions for privilege management with automation and regulatory compliance.","breadcrumb":{"@id":"https:\/\/euroone.hu\/en\/solutions\/information-and-network-security\/identity-management-system-idm\/#breadcrumb"},"inLanguage":"en-US","potentialAction":[{"@type":"ReadAction","target":["https:\/\/euroone.hu\/en\/solutions\/information-and-network-security\/identity-management-system-idm\/"]}]},{"@type":"ImageObject","inLanguage":"en-US","@id":"https:\/\/euroone.hu\/en\/solutions\/information-and-network-security\/identity-management-system-idm\/#primaryimage","url":"https:\/\/euroone.hu\/wp-content\/uploads\/2024\/10\/IDM.svg","contentUrl":"https:\/\/euroone.hu\/wp-content\/uploads\/2024\/10\/IDM.svg"},{"@type":"BreadcrumbList","@id":"https:\/\/euroone.hu\/en\/solutions\/information-and-network-security\/identity-management-system-idm\/#breadcrumb","itemListElement":[{"@type":"ListItem","position":1,"name":"Kezd\u0151lap","item":"https:\/\/euroone.hu\/en\/"},{"@type":"ListItem","position":2,"name":"Solutions","item":"https:\/\/euroone.hu\/en\/solutions\/"},{"@type":"ListItem","position":3,"name":"Information and network security","item":"https:\/\/euroone.hu\/en\/solutions\/information-and-network-security\/"},{"@type":"ListItem","position":4,"name":"Identity Management System (IDM)"}]},{"@type":"WebSite","@id":"https:\/\/euroone.hu\/#website","url":"https:\/\/euroone.hu\/","name":"Euroone","description":"","publisher":{"@id":"https:\/\/euroone.hu\/#organization"},"potentialAction":[{"@type":"SearchAction","target":{"@type":"EntryPoint","urlTemplate":"https:\/\/euroone.hu\/?s={search_term_string}"},"query-input":{"@type":"PropertyValueSpecification","valueRequired":true,"valueName":"search_term_string"}}],"inLanguage":"en-US"},{"@type":"Organization","@id":"https:\/\/euroone.hu\/#organization","name":"Euroone","url":"https:\/\/euroone.hu\/","logo":{"@type":"ImageObject","inLanguage":"en-US","@id":"https:\/\/euroone.hu\/#\/schema\/logo\/image\/","url":"https:\/\/euroone.hu\/wp-content\/uploads\/2024\/09\/EURO-ONE-szines-logo.png","contentUrl":"https:\/\/euroone.hu\/wp-content\/uploads\/2024\/09\/EURO-ONE-szines-logo.png","width":741,"height":768,"caption":"Euroone"},"image":{"@id":"https:\/\/euroone.hu\/#\/schema\/logo\/image\/"},"sameAs":["https:\/\/www.facebook.com\/euroone","https:\/\/www.linkedin.com\/company\/euro-one\/","https:\/\/www.youtube.com\/@euroonezrt"]}]}},"_links":{"self":[{"href":"https:\/\/euroone.hu\/en\/wp-json\/wp\/v2\/pages\/1143","targetHints":{"allow":["GET"]}}],"collection":[{"href":"https:\/\/euroone.hu\/en\/wp-json\/wp\/v2\/pages"}],"about":[{"href":"https:\/\/euroone.hu\/en\/wp-json\/wp\/v2\/types\/page"}],"author":[{"embeddable":true,"href":"https:\/\/euroone.hu\/en\/wp-json\/wp\/v2\/users\/3"}],"replies":[{"embeddable":true,"href":"https:\/\/euroone.hu\/en\/wp-json\/wp\/v2\/comments?post=1143"}],"version-history":[{"count":3,"href":"https:\/\/euroone.hu\/en\/wp-json\/wp\/v2\/pages\/1143\/revisions"}],"predecessor-version":[{"id":1224,"href":"https:\/\/euroone.hu\/en\/wp-json\/wp\/v2\/pages\/1143\/revisions\/1224"}],"up":[{"embeddable":true,"href":"https:\/\/euroone.hu\/en\/wp-json\/wp\/v2\/pages\/797"}],"wp:featuredmedia":[{"embeddable":true,"href":"https:\/\/euroone.hu\/en\/wp-json\/wp\/v2\/media\/1214"}],"wp:attachment":[{"href":"https:\/\/euroone.hu\/en\/wp-json\/wp\/v2\/media?parent=1143"}],"curies":[{"name":"wp","href":"https:\/\/api.w.org\/{rel}","templated":true}]}}